{"id":1535,"date":"2025-12-02T15:55:59","date_gmt":"2025-12-02T15:55:59","guid":{"rendered":"https:\/\/epitesigipszek.hu\/to-our-partners\/"},"modified":"2026-01-30T17:35:44","modified_gmt":"2026-01-30T17:35:44","slug":"to-our-partners","status":"publish","type":"page","link":"https:\/\/szeria-gipsz.hu\/en\/to-our-partners\/","title":{"rendered":"To our partners"},"content":{"rendered":"<p>[et_pb_section fb_built=&#8221;1&#8243; _builder_version=&#8221;4.27.5&#8243; _module_preset=&#8221;default&#8221; background_image=&#8221;https:\/\/epitesigipszek.hu\/wp-content\/uploads\/dietrichkuehne_DSCF4343-scaled.jpg&#8221; custom_padding=&#8221;100px||0px||false|false&#8221; global_colors_info=&#8221;{}&#8221;][et_pb_row _builder_version=&#8221;4.27.5&#8243; _module_preset=&#8221;default&#8221; background_color=&#8221;rgba(255,255,255,0.75)&#8221; custom_margin=&#8221;||0px||false|false&#8221; custom_padding=&#8221;||0px|20px|false|false&#8221; global_colors_info=&#8221;{}&#8221;][et_pb_column type=&#8221;4_4&#8243; _builder_version=&#8221;4.27.5&#8243; _module_preset=&#8221;default&#8221; global_colors_info=&#8221;{}&#8221;][et_pb_heading title=&#8221;To our partners&#8221; module_class=&#8221;top-page-title&#8221; _builder_version=&#8221;4.27.5&#8243; _module_preset=&#8221;default&#8221; custom_margin=&#8221;||0px||false|false&#8221; custom_padding=&#8221;||0px||false|false&#8221; global_colors_info=&#8221;{}&#8221;][\/et_pb_heading][\/et_pb_column][\/et_pb_row][\/et_pb_section][et_pb_section fb_built=&#8221;1&#8243; _builder_version=&#8221;4.27.5&#8243; _module_preset=&#8221;default&#8221; custom_padding=&#8221;||6px|||&#8221; global_colors_info=&#8221;{}&#8221;][et_pb_row _builder_version=&#8221;4.27.5&#8243; _module_preset=&#8221;default&#8221; global_colors_info=&#8221;{}&#8221;][et_pb_column type=&#8221;4_4&#8243; _builder_version=&#8221;4.27.5&#8243; _module_preset=&#8221;default&#8221; global_colors_info=&#8221;{}&#8221;][et_pb_text _builder_version=&#8221;4.27.5&#8243; _module_preset=&#8221;default&#8221; global_colors_info=&#8221;{}&#8221;]<\/p>\n<h4>Retail<\/h4>\n<p>Sz\u00e9ria-Trans Kft. offers no retail services per se, as customers are served primarily through a network of retail establishments.<\/p>\n<p>If you wish to purchase any \u201cSz\u00e9ria\u201d product, but you do not know where to buy it, please leave a message at our e-mail address <a href=\"mailto:info@szeria-trans.hu\" bis_skin_checked=\"1\">info@szeria-trans.hu<\/a> or call us on any of the telephone numbers under<span> <\/span><a href=\"https:\/\/szeria-gipsz.hu\/en\/contact\/\" bis_skin_checked=\"1\">Contacts<\/a><span> <\/span>and we will direct you to the retail location closest to your home.[\/et_pb_text][et_pb_text _builder_version=&#8221;4.27.5&#8243; _module_preset=&#8221;default&#8221; custom_margin=&#8221;50px||||false|false&#8221; global_colors_info=&#8221;{}&#8221;]<\/p>\n<h4>Wholesale<\/h4>\n<p>\u201cSz\u00e9ria\u201d products are primarily available through wholesale networks, via retail establishments.<\/p>\n<p>If you are interested in our wholesale supplier program, please leave a message at our e-mail address<span> <\/span>info@szeria-trans.hu<span> <\/span><a href=\"https:\/\/szeria-gipsz.hu\/en\/contact\/\" bis_skin_checked=\"1\">Contacts<\/a><span> <\/span>.[\/et_pb_text][\/et_pb_column][\/et_pb_row][\/et_pb_section][et_pb_section fb_built=&#8221;1&#8243; _builder_version=&#8221;4.27.5&#8243; _module_preset=&#8221;default&#8221; custom_padding=&#8221;21px||0px|||&#8221; global_colors_info=&#8221;{}&#8221;][et_pb_row _builder_version=&#8221;4.27.5&#8243; _module_preset=&#8221;default&#8221; max_width=&#8221;1600px&#8221; custom_padding=&#8221;||0px|||&#8221; global_colors_info=&#8221;{}&#8221;][et_pb_column type=&#8221;4_4&#8243; _builder_version=&#8221;4.27.5&#8243; _module_preset=&#8221;default&#8221; global_colors_info=&#8221;{}&#8221;][et_pb_text admin_label=&#8221;Kiemelt partenereink&#8221; _builder_version=&#8221;4.27.5&#8243; _module_preset=&#8221;default&#8221; header_2_font=&#8221;|300|||||||&#8221; global_colors_info=&#8221;{}&#8221;]<\/p>\n<h2>Our Featured <strong>Partners<\/strong><\/h2>\n<p>[\/et_pb_text][\/et_pb_column][\/et_pb_row][\/et_pb_section][et_pb_section fb_built=&#8221;1&#8243; fullwidth=&#8221;on&#8221; _builder_version=&#8221;4.27.5&#8243; _module_preset=&#8221;default&#8221; global_colors_info=&#8221;{}&#8221;][et_pb_fullwidth_code _builder_version=&#8221;4.27.5&#8243; _module_preset=&#8221;default&#8221; global_colors_info=&#8221;{}&#8221;]        <div class=\"sx1-partner-carousel-wrapper\">\r\n            <div class=\"sx1-swiper-button-prev\"><\/div>\r\n            <div class=\"sx1-partner-carousel-container\">\r\n                <div class=\"swiper sx1-partner-swiper\">\r\n                    <div class=\"swiper-wrapper\">\r\n                                                        <div class=\"swiper-slide sx1-partner-slide\">\r\n                                                                            <a href=\"http:\/\/www.zsirafepitoanyagok.hu\/\" target=\"_blank\" rel=\"noopener noreferrer\">\r\n                                            <img decoding=\"async\" src=\"https:\/\/szeria-gipsz.hu\/wp-content\/uploads\/zsiraf.jpg\" alt=\"Zsir\u00e1f \u00c9p\u00edt\u0151anyagok\">\r\n                                        <\/a>\r\n                                                                    <\/div>\r\n                                                                                    <div class=\"swiper-slide sx1-partner-slide\">\r\n                                                                            <a href=\"https:\/\/vpi.hu\/hu\/\" target=\"_blank\" rel=\"noopener noreferrer\">\r\n                                            <img decoding=\"async\" src=\"https:\/\/szeria-gipsz.hu\/wp-content\/uploads\/vpi-ikon-logo.jpg\" alt=\"VPI\">\r\n                                        <\/a>\r\n                                                                    <\/div>\r\n                                                                                    <div class=\"swiper-slide sx1-partner-slide\">\r\n                                                                            <a href=\"http:\/\/www.vaczi-vill.hu\/\" target=\"_blank\" rel=\"noopener noreferrer\">\r\n                                            <img decoding=\"async\" src=\"https:\/\/szeria-gipsz.hu\/wp-content\/uploads\/vaczi-vill_2.jpg\" alt=\"V\u00e1czi Vill\">\r\n                                        <\/a>\r\n                                                                    <\/div>\r\n                                                                                    <div class=\"swiper-slide sx1-partner-slide\">\r\n                                                                            <a href=\"http:\/\/www.variachem.hu\/\" target=\"_blank\" rel=\"noopener noreferrer\">\r\n                                            <img decoding=\"async\" src=\"https:\/\/szeria-gipsz.hu\/wp-content\/uploads\/variachem_2.jpg\" alt=\"Variachem\">\r\n                                        <\/a>\r\n                                                                    <\/div>\r\n                                                                                    <div class=\"swiper-slide sx1-partner-slide\">\r\n                                                                            <a href=\"https:\/\/www.total-epker.hu\/\" target=\"_blank\" rel=\"noopener noreferrer\">\r\n                                            <img decoding=\"async\" src=\"https:\/\/szeria-gipsz.hu\/wp-content\/uploads\/total-epker.jpg\" alt=\"Total \u00c9pker\">\r\n                                        <\/a>\r\n                                                                    <\/div>\r\n                                                                                    <div class=\"swiper-slide sx1-partner-slide\">\r\n                                                                            <a href=\"https:\/\/szintezisbau.hu\/\" target=\"_blank\" rel=\"noopener noreferrer\">\r\n                                            <img decoding=\"async\" src=\"https:\/\/szeria-gipsz.hu\/wp-content\/uploads\/szintezis.jpg\" alt=\"Szint\u00e9zis Bau\">\r\n                                        <\/a>\r\n                                                                    <\/div>\r\n                                                                                                                                    <div class=\"swiper-slide sx1-partner-slide\">\r\n                                                                            <a href=\"https:\/\/www.polifarbe.hu\/\" target=\"_blank\" rel=\"noopener noreferrer\">\r\n                                            <img decoding=\"async\" src=\"https:\/\/szeria-gipsz.hu\/wp-content\/uploads\/poli-farbe.jpg\" alt=\"Poli-Farbe\">\r\n                                        <\/a>\r\n                                                                    <\/div>\r\n                                                                                    <div class=\"swiper-slide sx1-partner-slide\">\r\n                                                                            <a href=\"https:\/\/piktor.hu\/kezdolap\" target=\"_blank\" rel=\"noopener noreferrer\">\r\n                                            <img decoding=\"async\" src=\"https:\/\/szeria-gipsz.hu\/wp-content\/uploads\/Piktor.jpg\" alt=\"Piktor\">\r\n                                        <\/a>\r\n                                                                    <\/div>\r\n                                                                                    <div class=\"swiper-slide sx1-partner-slide\">\r\n                                                                            <a href=\"https:\/\/piktordepo.hu\/kezdolap\" target=\"_blank\" rel=\"noopener noreferrer\">\r\n                                            <img decoding=\"async\" src=\"https:\/\/szeria-gipsz.hu\/wp-content\/uploads\/Piktor-Depo.jpg\" alt=\"Piktor Depo\">\r\n                                        <\/a>\r\n                                                                    <\/div>\r\n                                                                                    <div class=\"swiper-slide sx1-partner-slide\">\r\n                                                                            <a href=\"http:\/\/www.penterra.hu\/\" target=\"_blank\" rel=\"noopener noreferrer\">\r\n                                            <img decoding=\"async\" src=\"https:\/\/szeria-gipsz.hu\/wp-content\/uploads\/penterra_2.jpg\" alt=\"Penterra\">\r\n                                        <\/a>\r\n                                                                    <\/div>\r\n                                                                                    <div class=\"swiper-slide sx1-partner-slide\">\r\n                                                                            <a href=\"https:\/\/www.facebook.com\/profile.php?id=100064235616029&#038;locale=hu_HU\" target=\"_blank\" rel=\"noopener noreferrer\">\r\n                                            <img decoding=\"async\" src=\"https:\/\/szeria-gipsz.hu\/wp-content\/uploads\/mlt_2.jpg\" alt=\"MLT\">\r\n                                        <\/a>\r\n                                                                    <\/div>\r\n                                                                                    <div class=\"swiper-slide sx1-partner-slide\">\r\n                                                                            <a href=\"https:\/\/mazhaz.hu\/\" target=\"_blank\" rel=\"noopener noreferrer\">\r\n                                            <img decoding=\"async\" src=\"https:\/\/szeria-gipsz.hu\/wp-content\/uploads\/maz-haz.jpg\" alt=\"Maz-Haz\">\r\n                                        <\/a>\r\n                                                                    <\/div>\r\n                                                                                    <div class=\"swiper-slide sx1-partner-slide\">\r\n                                                                            <a href=\"https:\/\/mc-bauchemie.hu\/\" target=\"_blank\" rel=\"noopener noreferrer\">\r\n                                            <img decoding=\"async\" src=\"https:\/\/szeria-gipsz.hu\/wp-content\/uploads\/MC_Bau.jpg\" alt=\"MC Bauchemie\">\r\n                                        <\/a>\r\n                                                                    <\/div>\r\n                                                                                    <div class=\"swiper-slide sx1-partner-slide\">\r\n                                                                            <a href=\"https:\/\/www.kujbusvill.hu\/\" target=\"_blank\" rel=\"noopener noreferrer\">\r\n                                            <img decoding=\"async\" src=\"https:\/\/szeria-gipsz.hu\/wp-content\/uploads\/kujbusvill_2.jpg\" alt=\"Kujbus Vill\">\r\n                                        <\/a>\r\n                                                                    <\/div>\r\n                                                                                    <div class=\"swiper-slide sx1-partner-slide\">\r\n                                                                            <a href=\"https:\/\/komefestek.hu\/\" target=\"_blank\" rel=\"noopener noreferrer\">\r\n                                            <img decoding=\"async\" src=\"https:\/\/szeria-gipsz.hu\/wp-content\/uploads\/ko-me_02.jpg\" alt=\"Ko-Me Fest\u00e9k\">\r\n                                        <\/a>\r\n                                                                    <\/div>\r\n                                                                                    <div class=\"swiper-slide sx1-partner-slide\">\r\n                                                                            <a href=\"https:\/\/www.kohazy.hu\/\" target=\"_blank\" rel=\"noopener noreferrer\">\r\n                                            <img decoding=\"async\" src=\"https:\/\/szeria-gipsz.hu\/wp-content\/uploads\/kohazy.jpg\" alt=\"K\u0151h\u00e1zy\">\r\n                                        <\/a>\r\n                                                                    <\/div>\r\n                                                                                    <div class=\"swiper-slide sx1-partner-slide\">\r\n                                                                            <a href=\"https:\/\/meton.hu\/\" target=\"_blank\" rel=\"noopener noreferrer\">\r\n                                            <img decoding=\"async\" src=\"https:\/\/szeria-gipsz.hu\/wp-content\/uploads\/meton.jpg\" alt=\"Meton\">\r\n                                        <\/a>\r\n                                                                    <\/div>\r\n                                                                                    <div class=\"swiper-slide sx1-partner-slide\">\r\n                                                                            <a href=\"https:\/\/kemiker.hu\/\" target=\"_blank\" rel=\"noopener noreferrer\">\r\n                                            <img decoding=\"async\" src=\"https:\/\/szeria-gipsz.hu\/wp-content\/uploads\/Kemiker.jpg\" alt=\"Kemiker\">\r\n                                        <\/a>\r\n                                                                    <\/div>\r\n                                                                                    <div class=\"swiper-slide sx1-partner-slide\">\r\n                                                                            <a href=\"https:\/\/gyurivill.hu\/\" target=\"_blank\" rel=\"noopener noreferrer\">\r\n                                            <img decoding=\"async\" src=\"https:\/\/szeria-gipsz.hu\/wp-content\/uploads\/gyurivill.jpg\" alt=\"Gyurivill\">\r\n                                        <\/a>\r\n                                                                    <\/div>\r\n                                                                                                            <div class=\"swiper-slide sx1-partner-slide\">\r\n                                                                            <a href=\"https:\/\/gepesz.hu\/\" target=\"_blank\" rel=\"noopener noreferrer\">\r\n                                            <img decoding=\"async\" src=\"https:\/\/szeria-gipsz.hu\/wp-content\/uploads\/fogarasi-epgep.jpg\" alt=\"Fogarasi \u00c9p\u00edt\u0151g\u00e9p\">\r\n                                        <\/a>\r\n                                                                    <\/div>\r\n                                                                                    <div class=\"swiper-slide sx1-partner-slide\">\r\n                                                                            <a href=\"http:\/\/www.flycolor.hu\/\" target=\"_blank\" rel=\"noopener noreferrer\">\r\n                                            <img decoding=\"async\" src=\"https:\/\/szeria-gipsz.hu\/wp-content\/uploads\/fly-color.jpg\" alt=\"Fly-Color\">\r\n                                        <\/a>\r\n                                                                    <\/div>\r\n                                                                                    <div class=\"swiper-slide sx1-partner-slide\">\r\n                                                                            <a href=\"http:\/\/www.festekpont.hu\/\" target=\"_blank\" rel=\"noopener noreferrer\">\r\n                                            <img decoding=\"async\" src=\"https:\/\/szeria-gipsz.hu\/wp-content\/uploads\/festekmester_02.jpg\" alt=\"Festekmester\">\r\n                                        <\/a>\r\n                                                                    <\/div>\r\n                                                                                    <div class=\"swiper-slide sx1-partner-slide\">\r\n                                                                            <a href=\"https:\/\/www.festeker.hu\/\" target=\"_blank\" rel=\"noopener noreferrer\">\r\n                                            <img decoding=\"async\" src=\"https:\/\/szeria-gipsz.hu\/wp-content\/uploads\/fest-e-ker.jpg\" alt=\"Fest-E-Ker\">\r\n                                        <\/a>\r\n                                                                    <\/div>\r\n                                                                                    <div class=\"swiper-slide sx1-partner-slide\">\r\n                                                                            <a href=\"https:\/\/festek96.hu\/\" target=\"_blank\" rel=\"noopener noreferrer\">\r\n                                            <img decoding=\"async\" src=\"https:\/\/szeria-gipsz.hu\/wp-content\/uploads\/festek-96.jpg\" alt=\"Fest\u00e9k 96\">\r\n                                        <\/a>\r\n                                                                    <\/div>\r\n                                                                                    <div class=\"swiper-slide sx1-partner-slide\">\r\n                                                                            <a href=\"https:\/\/velunkfessen.hu\/\" target=\"_blank\" rel=\"noopener noreferrer\">\r\n                                            <img decoding=\"async\" src=\"https:\/\/szeria-gipsz.hu\/wp-content\/uploads\/fess.jpg\" alt=\"Fessen\">\r\n                                        <\/a>\r\n                                                                    <\/div>\r\n                                                                                    <div class=\"swiper-slide sx1-partner-slide\">\r\n                                                                            <a href=\"http:\/\/www.feba2000.hu\/\" target=\"_blank\" rel=\"noopener noreferrer\">\r\n                                            <img decoding=\"async\" src=\"https:\/\/szeria-gipsz.hu\/wp-content\/uploads\/feba.jpg\" alt=\"FEBA 2000\">\r\n                                        <\/a>\r\n                                                                    <\/div>\r\n                                                                                    <div class=\"swiper-slide sx1-partner-slide\">\r\n                                                                            <a href=\"https:\/\/www.dalostuzep.hu\/\" target=\"_blank\" rel=\"noopener noreferrer\">\r\n                                            <img decoding=\"async\" src=\"https:\/\/szeria-gipsz.hu\/wp-content\/uploads\/dalos.jpg\" alt=\"Dalos T\u0171z\u00e9p\">\r\n                                        <\/a>\r\n                                                                    <\/div>\r\n                                                                                    <div class=\"swiper-slide sx1-partner-slide\">\r\n                                                                            <a href=\"http:\/\/www.ciklon-festek.hu\/\" target=\"_blank\" rel=\"noopener noreferrer\">\r\n                                            <img decoding=\"async\" src=\"https:\/\/szeria-gipsz.hu\/wp-content\/uploads\/Ciklon_2.jpg\" alt=\"Ciklon\">\r\n                                        <\/a>\r\n                                                                    <\/div>\r\n                                                                                                            <div class=\"swiper-slide sx1-partner-slide\">\r\n                                                                            <a href=\"https:\/\/budahazepito.hu\/\" target=\"_blank\" rel=\"noopener noreferrer\">\r\n                                            <img decoding=\"async\" src=\"https:\/\/szeria-gipsz.hu\/wp-content\/uploads\/budahazepito-logo-400x117.jpg\" alt=\"Budah\u00e1z\">\r\n                                        <\/a>\r\n                                                                    <\/div>\r\n                                                                                    <div class=\"swiper-slide sx1-partner-slide\">\r\n                                                                            <a href=\"https:\/\/bnfshop.hu\/\" target=\"_blank\" rel=\"noopener noreferrer\">\r\n                                            <img decoding=\"async\" src=\"https:\/\/szeria-gipsz.hu\/wp-content\/uploads\/BNF_n.jpg\" alt=\"BNF\">\r\n                                        <\/a>\r\n                                                                    <\/div>\r\n                                                                                    <div class=\"swiper-slide sx1-partner-slide\">\r\n                                                                            <a href=\"https:\/\/braunbau.hu\/\" target=\"_blank\" rel=\"noopener noreferrer\">\r\n                                            <img decoding=\"async\" src=\"https:\/\/szeria-gipsz.hu\/wp-content\/uploads\/braun.jpg\" alt=\"Braun Bau\">\r\n                                        <\/a>\r\n                                                                    <\/div>\r\n                                                                                    <div class=\"swiper-slide sx1-partner-slide\">\r\n                                                                            <a href=\"https:\/\/borsodfestek.hu\/\" target=\"_blank\" rel=\"noopener noreferrer\">\r\n                                            <img decoding=\"async\" src=\"https:\/\/szeria-gipsz.hu\/wp-content\/uploads\/Borsodfestek.jpg\" alt=\"Borsodfestek\">\r\n                                        <\/a>\r\n                                                                    <\/div>\r\n                                                                                                            <div class=\"swiper-slide sx1-partner-slide\">\r\n                                                                            <a href=\"https:\/\/www.anda.hu\/\" target=\"_blank\" rel=\"noopener noreferrer\">\r\n                                            <img decoding=\"async\" src=\"https:\/\/szeria-gipsz.hu\/wp-content\/uploads\/Anda.jpg\" alt=\"Anda\">\r\n                                        <\/a>\r\n                                                                    <\/div>\r\n                                                                        <\/div>\r\n                <\/div>\r\n            <\/div>\r\n            <div class=\"sx1-swiper-button-next\"><\/div>\r\n        <\/div>\r\n        [\/et_pb_fullwidth_code][\/et_pb_section][et_pb_section fb_built=&#8221;1&#8243; _builder_version=&#8221;4.27.5&#8243; _module_preset=&#8221;default&#8221; custom_padding=&#8221;0px|||||&#8221; global_colors_info=&#8221;{}&#8221;][et_pb_row _builder_version=&#8221;4.27.5&#8243; _module_preset=&#8221;default&#8221; global_colors_info=&#8221;{}&#8221;][et_pb_column type=&#8221;4_4&#8243; _builder_version=&#8221;4.27.5&#8243; _module_preset=&#8221;default&#8221; global_colors_info=&#8221;{}&#8221;][et_pb_button button_url=&#8221;@ET-DC@eyJkeW5hbWljIjp0cnVlLCJjb250ZW50IjoicG9zdF9saW5rX3VybF9wYWdlIiwic2V0dGluZ3MiOnsicG9zdF9pZCI6IjE0MjIiLCJlbmFibGVfaHRtbCI6Im9mZiJ9fQ==@&#8221; button_text=&#8221;Map-based store locator&#8221; button_alignment=&#8221;center&#8221; module_class=&#8221;gomb&#8221; _builder_version=&#8221;4.27.5&#8243; _dynamic_attributes=&#8221;button_url&#8221; _module_preset=&#8221;default&#8221; custom_button=&#8221;on&#8221; button_text_color=&#8221;#FFFFFF&#8221; button_bg_color=&#8221;#01A850&#8243; button_border_radius=&#8221;0px&#8221; button_icon=&#8221;&#x35;||divi||400&#8243; button_on_hover=&#8221;off&#8221; background_layout=&#8221;dark&#8221; hover_enabled=&#8221;0&#8243; global_colors_info=&#8221;{}&#8221; button_text_color__hover_enabled=&#8221;on|hover&#8221; button_text_color__hover=&#8221;#01A850&#8243; button_bg_color__hover_enabled=&#8221;on|desktop&#8221; button_bg_color__hover=&#8221;#FFFFFF&#8221; button_bg_enable_color__hover=&#8221;on&#8221; sticky_enabled=&#8221;0&#8243;][\/et_pb_button][\/et_pb_column][\/et_pb_row][\/et_pb_section]<\/p>\n","protected":false},"excerpt":{"rendered":"<p>Join our partner network and enjoy the benefits of our flexible logistics services. We support our resellers and contractor partners with a continuous supply of goods and dedicated professional advice for mutual success. Become our partner in the construction gypsum market and let&#8217;s build lasting, valuable business relationships together.  <\/p>\n","protected":false},"author":1,"featured_media":0,"parent":0,"menu_order":0,"comment_status":"closed","ping_status":"closed","template":"","meta":{"_acf_changed":false,"_et_pb_use_builder":"on","_et_pb_old_content":"","_et_gb_content_width":"","footnotes":""},"class_list":["post-1535","page","type-page","status-publish","hentry"],"acf":[],"_links":{"self":[{"href":"https:\/\/szeria-gipsz.hu\/en\/wp-json\/wp\/v2\/pages\/1535","targetHints":{"allow":["GET"]}}],"collection":[{"href":"https:\/\/szeria-gipsz.hu\/en\/wp-json\/wp\/v2\/pages"}],"about":[{"href":"https:\/\/szeria-gipsz.hu\/en\/wp-json\/wp\/v2\/types\/page"}],"author":[{"embeddable":true,"href":"https:\/\/szeria-gipsz.hu\/en\/wp-json\/wp\/v2\/users\/1"}],"replies":[{"embeddable":true,"href":"https:\/\/szeria-gipsz.hu\/en\/wp-json\/wp\/v2\/comments?post=1535"}],"version-history":[{"count":2,"href":"https:\/\/szeria-gipsz.hu\/en\/wp-json\/wp\/v2\/pages\/1535\/revisions"}],"predecessor-version":[{"id":1537,"href":"https:\/\/szeria-gipsz.hu\/en\/wp-json\/wp\/v2\/pages\/1535\/revisions\/1537"}],"wp:attachment":[{"href":"https:\/\/szeria-gipsz.hu\/en\/wp-json\/wp\/v2\/media?parent=1535"}],"curies":[{"name":"wp","href":"https:\/\/api.w.org\/{rel}","templated":true}]}}