{"id":354,"date":"2025-12-16T01:02:28","date_gmt":"2025-12-16T01:02:28","guid":{"rendered":"https:\/\/epitesigipszek.hu\/?post_type=product&#038;p=354"},"modified":"2025-12-16T03:46:02","modified_gmt":"2025-12-16T03:46:02","slug":"aalborg-white-danischer-weiszement-cem-i-525r","status":"publish","type":"product","link":"https:\/\/szeria-gipsz.hu\/de\/termek\/aalborg-white-danischer-weiszement-cem-i-525r\/","title":{"rendered":"AALBORG WHITE d\u00e4nischer Wei\u00dfzement (CEM I 52,5R)"},"content":{"rendered":"<p>D\u00e4nischer Wei\u00dfzement in EN &#8211; 197-1 &#8211; CEM I 52,5R Qualit\u00e4t. Schnellh\u00e4rtender Portlandzement in extrem wei\u00dfer Farbe.<\/p>\n<ul class=\"\">\n<li>Mit hoher Fr\u00fch- (2 Tage) und Endfestigkeit (28 Tage)<\/li>\n<li>Zur Herstellung von wei\u00dfem Beton, Trockengemisch, M\u00f6rtel, Pflastersteinen, Gehwegplatten, Kunststeinen und Bel\u00e4gen.<\/li>\n<li>F\u00fcr die Herstellung von Fugenmaterialien, Putzen, M\u00f6rtel, Spachteln und Klebern<\/li>\n<\/ul>\n<p><!--more--> <strong>Packungsgr\u00f6\u00dfen:<\/strong><\/p>\n<table cellspacing=\"0\" cellpadding=\"0\">\n<tbody>\n<tr>\n<td>1 x<\/td>\n<td>25 kg<\/td>\n<td>60 St.\/Palette<\/td>\n<\/tr>\n<tr>\n<td>1 x<\/td>\n<td>5 kg<\/td>\n<td>200 St.\/Palette<\/td>\n<\/tr>\n<tr>\n<td>1 x<\/td>\n<td>2 kg<\/td>\n<td>500 St.\/Palette<\/td>\n<\/tr>\n<tr>\n<td>&#8211;<\/td>\n<td>lose<\/td>\n<td>in Silo<\/td>\n<\/tr>\n<tr>\n<td><\/td>\n<td><\/td>\n<td><\/td>\n<\/tr>\n<\/tbody>\n<\/table>\n<p>&nbsp;<\/p>\n","protected":false},"excerpt":{"rendered":"<p>D\u00e4nischer Wei\u00dfzement in EN &#8211; 197-1 &#8211; CEM I 52,5R Qualit\u00e4t. Schnellh\u00e4rtender Portlandzement in extrem wei\u00dfer Farbe. Mit hoher Fr\u00fch- (2 Tage) und Endfestigkeit (28 Tage) Zur Herstellung von wei\u00dfem Beton, Trockengemisch, M\u00f6rtel, Pflastersteinen, Gehwegplatten, Kunststeinen und Bel\u00e4gen. F\u00fcr die Herstellung von Fugenmaterialien, Putzen, M\u00f6rtel, Spachteln und Klebern<\/p>\n","protected":false},"featured_media":2074,"template":"","meta":{"_acf_changed":false,"_et_pb_use_builder":"","_et_pb_old_content":"","_et_gb_content_width":""},"product_brand":[],"product_cat":[58],"product_tag":[],"class_list":{"0":"post-354","1":"product","2":"type-product","3":"status-publish","4":"has-post-thumbnail","6":"product_cat-weiszemente","8":"first","9":"instock","10":"shipping-taxable","11":"product-type-simple"},"acf":[],"_links":{"self":[{"href":"https:\/\/szeria-gipsz.hu\/de\/wp-json\/wp\/v2\/product\/354","targetHints":{"allow":["GET"]}}],"collection":[{"href":"https:\/\/szeria-gipsz.hu\/de\/wp-json\/wp\/v2\/product"}],"about":[{"href":"https:\/\/szeria-gipsz.hu\/de\/wp-json\/wp\/v2\/types\/product"}],"wp:featuredmedia":[{"embeddable":true,"href":"https:\/\/szeria-gipsz.hu\/de\/wp-json\/wp\/v2\/media\/2074"}],"wp:attachment":[{"href":"https:\/\/szeria-gipsz.hu\/de\/wp-json\/wp\/v2\/media?parent=354"}],"wp:term":[{"taxonomy":"product_brand","embeddable":true,"href":"https:\/\/szeria-gipsz.hu\/de\/wp-json\/wp\/v2\/product_brand?post=354"},{"taxonomy":"product_cat","embeddable":true,"href":"https:\/\/szeria-gipsz.hu\/de\/wp-json\/wp\/v2\/product_cat?post=354"},{"taxonomy":"product_tag","embeddable":true,"href":"https:\/\/szeria-gipsz.hu\/de\/wp-json\/wp\/v2\/product_tag?post=354"}],"curies":[{"name":"wp","href":"https:\/\/api.w.org\/{rel}","templated":true}]}}