{"id":342,"date":"2025-12-16T01:02:17","date_gmt":"2025-12-16T01:02:17","guid":{"rendered":"https:\/\/epitesigipszek.hu\/?post_type=product&#038;p=342"},"modified":"2025-12-16T03:46:03","modified_gmt":"2025-12-16T03:46:03","slug":"casuplast-1200-maschienenputz","status":"publish","type":"product","link":"https:\/\/szeria-gipsz.hu\/de\/termek\/casuplast-1200-maschienenputz\/","title":{"rendered":"Casuplast 1200 Maschienenputz"},"content":{"rendered":"<p>Putzgips f\u00fcr alle g\u00e4ngigen Putzmaschinen.<\/p>\n<ul class=\"\">\n<li>Im Innenbereich als Grundputz und als Gl\u00e4ttputz verwendbar<\/li>\n<li>Er kann Deckputz (D\u00fcnnputz) tragen<\/li>\n<li>Fliesbar, tapezierbar, \u00fcberstreichbar<\/li>\n<\/ul>\n<p><!--more--> <strong>Packungsgr\u00f6\u00dfen:<\/strong><\/p>\n<table width=\"290\">\n<tbody>\n<tr>\n<td>1 x<\/td>\n<td>25 kg<\/td>\n<td>40 St.\/Palette<\/td>\n<\/tr>\n<tr>\n<td>&#8211;<\/td>\n<td>lose<\/td>\n<td>in Silo<\/td>\n<\/tr>\n<\/tbody>\n<\/table>\n<p>&nbsp;<\/p>\n","protected":false},"excerpt":{"rendered":"<p>Putzgips f\u00fcr alle g\u00e4ngigen Putzmaschinen. Im Innenbereich als Grundputz und als Gl\u00e4ttputz verwendbar Er kann Deckputz (D\u00fcnnputz) tragen Fliesbar, tapezierbar, \u00fcberstreichbar<\/p>\n","protected":false},"featured_media":400,"template":"","meta":{"_acf_changed":false,"_et_pb_use_builder":"","_et_pb_old_content":"","_et_gb_content_width":""},"product_brand":[],"product_cat":[76],"product_tag":[],"class_list":{"0":"post-342","1":"product","2":"type-product","3":"status-publish","4":"has-post-thumbnail","6":"product_cat-putze","8":"first","9":"instock","10":"shipping-taxable","11":"product-type-simple"},"acf":[],"_links":{"self":[{"href":"https:\/\/szeria-gipsz.hu\/de\/wp-json\/wp\/v2\/product\/342","targetHints":{"allow":["GET"]}}],"collection":[{"href":"https:\/\/szeria-gipsz.hu\/de\/wp-json\/wp\/v2\/product"}],"about":[{"href":"https:\/\/szeria-gipsz.hu\/de\/wp-json\/wp\/v2\/types\/product"}],"wp:featuredmedia":[{"embeddable":true,"href":"https:\/\/szeria-gipsz.hu\/de\/wp-json\/wp\/v2\/media\/400"}],"wp:attachment":[{"href":"https:\/\/szeria-gipsz.hu\/de\/wp-json\/wp\/v2\/media?parent=342"}],"wp:term":[{"taxonomy":"product_brand","embeddable":true,"href":"https:\/\/szeria-gipsz.hu\/de\/wp-json\/wp\/v2\/product_brand?post=342"},{"taxonomy":"product_cat","embeddable":true,"href":"https:\/\/szeria-gipsz.hu\/de\/wp-json\/wp\/v2\/product_cat?post=342"},{"taxonomy":"product_tag","embeddable":true,"href":"https:\/\/szeria-gipsz.hu\/de\/wp-json\/wp\/v2\/product_tag?post=342"}],"curies":[{"name":"wp","href":"https:\/\/api.w.org\/{rel}","templated":true}]}}