{"id":336,"date":"2025-12-16T01:02:08","date_gmt":"2025-12-16T01:02:08","guid":{"rendered":"https:\/\/epitesigipszek.hu\/?post_type=product&#038;p=336"},"modified":"2025-12-16T03:46:04","modified_gmt":"2025-12-16T03:46:04","slug":"putzgips-fur-malermeister-mestervakolat-5-30","status":"publish","type":"product","link":"https:\/\/szeria-gipsz.hu\/de\/termek\/putzgips-fur-malermeister-mestervakolat-5-30\/","title":{"rendered":"Putzgips f\u00fcr Malermeister (Mestervakolat) 5-30"},"content":{"rendered":"<p>F\u00fcr die Maler entwickelter, in 5-30 mm Dicke verwendbarer, an sich gl\u00e4ttbarer manueller und maschineller Putzgips f\u00fcr Innen.<\/p>\n<ul class=\"\">\n<li>die Oberfl\u00e4che kann \u00fcberstrichen, tapeziert und verflie\u00dft werden<\/li>\n<li>ausgezeichnete Luftdurchl\u00e4ssigkeit<\/li>\n<li>gute W\u00e4rmeisolierung<\/li>\n<li>Materialbedarf: ca. 8 kg\/m<sup>2<\/sup>\/10mm<\/li>\n<li>Verarbeitungszeit: ca. 70 &#8211; 95 Min.<\/li>\n<\/ul>\n<p><!--more--> <strong>Packungsgr\u00f6\u00dfen:<\/strong><\/p>\n<table width=\"290\">\n<tbody>\n<tr>\n<td>1 x<\/td>\n<td>20 kg<\/td>\n<td>50 St.\/Palette<\/td>\n<\/tr>\n<tr>\n<td>1 x<\/td>\n<td>5 kg<\/td>\n<td>160 St.\/Palette<\/td>\n<\/tr>\n<\/tbody>\n<\/table>\n<p>&nbsp;<\/p>\n","protected":false},"excerpt":{"rendered":"<p>F\u00fcr die Maler entwickelter, in 5-30 mm Dicke verwendbarer, an sich gl\u00e4ttbarer manueller und maschineller Putzgips f\u00fcr Innen. die Oberfl\u00e4che kann \u00fcberstrichen, tapeziert und verflie\u00dft werden ausgezeichnete Luftdurchl\u00e4ssigkeit gute W\u00e4rmeisolierung Materialbedarf: ca. 8 kg\/m2\/10mm Verarbeitungszeit: ca. 70 &#8211; 95 Min.<\/p>\n","protected":false},"featured_media":398,"template":"","meta":{"_acf_changed":false,"_et_pb_use_builder":"","_et_pb_old_content":"","_et_gb_content_width":""},"product_brand":[],"product_cat":[76],"product_tag":[],"class_list":{"0":"post-336","1":"product","2":"type-product","3":"status-publish","4":"has-post-thumbnail","6":"product_cat-putze","8":"first","9":"instock","10":"shipping-taxable","11":"product-type-simple"},"acf":[],"_links":{"self":[{"href":"https:\/\/szeria-gipsz.hu\/de\/wp-json\/wp\/v2\/product\/336","targetHints":{"allow":["GET"]}}],"collection":[{"href":"https:\/\/szeria-gipsz.hu\/de\/wp-json\/wp\/v2\/product"}],"about":[{"href":"https:\/\/szeria-gipsz.hu\/de\/wp-json\/wp\/v2\/types\/product"}],"wp:featuredmedia":[{"embeddable":true,"href":"https:\/\/szeria-gipsz.hu\/de\/wp-json\/wp\/v2\/media\/398"}],"wp:attachment":[{"href":"https:\/\/szeria-gipsz.hu\/de\/wp-json\/wp\/v2\/media?parent=336"}],"wp:term":[{"taxonomy":"product_brand","embeddable":true,"href":"https:\/\/szeria-gipsz.hu\/de\/wp-json\/wp\/v2\/product_brand?post=336"},{"taxonomy":"product_cat","embeddable":true,"href":"https:\/\/szeria-gipsz.hu\/de\/wp-json\/wp\/v2\/product_cat?post=336"},{"taxonomy":"product_tag","embeddable":true,"href":"https:\/\/szeria-gipsz.hu\/de\/wp-json\/wp\/v2\/product_tag?post=336"}],"curies":[{"name":"wp","href":"https:\/\/api.w.org\/{rel}","templated":true}]}}