{"id":326,"date":"2025-12-16T01:01:51","date_gmt":"2025-12-16T01:01:51","guid":{"rendered":"https:\/\/epitesigipszek.hu\/?post_type=product&#038;p=326"},"modified":"2025-12-16T03:46:04","modified_gmt":"2025-12-16T03:46:04","slug":"spezial-40w-giesformengips","status":"publish","type":"product","link":"https:\/\/szeria-gipsz.hu\/de\/termek\/spezial-40w-giesformengips\/","title":{"rendered":"Spezial 40W &#8211; Gie\u00dfformengips"},"content":{"rendered":"<p>Der Spezial 40W ist ein hochwertiger Gie\u00dfformengips. F\u00fcr die Herstellung von Gie\u00dfformen, f\u00fcr Stuckateure, f\u00fcr die keramische Industrie und als Basisgips f\u00fcr die Bauindustrie. <!--more--> <strong>Packungsgr\u00f6\u00dfen:<\/strong><\/p>\n<table width=\"290\">\n<tbody>\n<tr>\n<td>1 x<\/td>\n<td>40 kg<\/td>\n<td>25 St.\/Palette<\/td>\n<\/tr>\n<\/tbody>\n<\/table>\n<p>&nbsp;<\/p>\n","protected":false},"excerpt":{"rendered":"<p>Der Spezial 40W ist ein hochwertiger Gie\u00dfformengips. F\u00fcr die Herstellung von Gie\u00dfformen, f\u00fcr Stuckateure, f\u00fcr die keramische Industrie und als Basisgips f\u00fcr die Bauindustrie.<\/p>\n","protected":false},"featured_media":2065,"template":"","meta":{"_acf_changed":false,"_et_pb_use_builder":"","_et_pb_old_content":"","_et_gb_content_width":""},"product_brand":[],"product_cat":[70],"product_tag":[],"class_list":{"0":"post-326","1":"product","2":"type-product","3":"status-publish","4":"has-post-thumbnail","6":"product_cat-spezialgipse","8":"first","9":"instock","10":"shipping-taxable","11":"product-type-simple"},"acf":[],"_links":{"self":[{"href":"https:\/\/szeria-gipsz.hu\/de\/wp-json\/wp\/v2\/product\/326","targetHints":{"allow":["GET"]}}],"collection":[{"href":"https:\/\/szeria-gipsz.hu\/de\/wp-json\/wp\/v2\/product"}],"about":[{"href":"https:\/\/szeria-gipsz.hu\/de\/wp-json\/wp\/v2\/types\/product"}],"wp:featuredmedia":[{"embeddable":true,"href":"https:\/\/szeria-gipsz.hu\/de\/wp-json\/wp\/v2\/media\/2065"}],"wp:attachment":[{"href":"https:\/\/szeria-gipsz.hu\/de\/wp-json\/wp\/v2\/media?parent=326"}],"wp:term":[{"taxonomy":"product_brand","embeddable":true,"href":"https:\/\/szeria-gipsz.hu\/de\/wp-json\/wp\/v2\/product_brand?post=326"},{"taxonomy":"product_cat","embeddable":true,"href":"https:\/\/szeria-gipsz.hu\/de\/wp-json\/wp\/v2\/product_cat?post=326"},{"taxonomy":"product_tag","embeddable":true,"href":"https:\/\/szeria-gipsz.hu\/de\/wp-json\/wp\/v2\/product_tag?post=326"}],"curies":[{"name":"wp","href":"https:\/\/api.w.org\/{rel}","templated":true}]}}