{"id":323,"date":"2025-12-16T01:01:46","date_gmt":"2025-12-16T01:01:46","guid":{"rendered":"https:\/\/epitesigipszek.hu\/?post_type=product&#038;p=323"},"modified":"2025-12-16T03:46:05","modified_gmt":"2025-12-16T03:46:05","slug":"spezial-58-48-giesformengipse","status":"publish","type":"product","link":"https:\/\/szeria-gipsz.hu\/de\/termek\/spezial-58-48-giesformengipse\/","title":{"rendered":"Spezial 58-48 &#8211; Gie\u00dfformengipse"},"content":{"rendered":"<p style=\"text-align: justify;\">Die Spezial 58-48 Gipse sind hochwertige Gie\u00dfformengipse. F\u00fcr die keramische Industrie, Stuckateure, Ornamente.<\/p>\n<ul class=\"\">\n<li>Hohe H\u00e4rte, extreme Flexibilit\u00e4t<\/li>\n<li>Mit expansionsmindernde Additive<\/li>\n<li>Farbe nach Wunsch<\/li>\n<\/ul>\n<p><!--more--> <strong>Packungsgr\u00f6\u00dfen:<\/strong><\/p>\n<table width=\"290\">\n<tbody>\n<tr>\n<td>1 x<\/td>\n<td>40 kg<\/td>\n<td>25 St.\/Palette<\/td>\n<\/tr>\n<tr>\n<td>&#8211;<\/td>\n<td>lose<\/td>\n<td>in Silo<\/td>\n<\/tr>\n<\/tbody>\n<\/table>\n<p>&nbsp;<\/p>\n","protected":false},"excerpt":{"rendered":"<p>Die Spezial 58-48 Gipse sind hochwertige Gie\u00dfformengipse. F\u00fcr die keramische Industrie, Stuckateure, Ornamente. Hohe H\u00e4rte, extreme Flexibilit\u00e4t Mit expansionsmindernde Additive Farbe nach Wunsch<\/p>\n","protected":false},"featured_media":2067,"template":"","meta":{"_acf_changed":false,"_et_pb_use_builder":"","_et_pb_old_content":"","_et_gb_content_width":""},"product_brand":[],"product_cat":[70],"product_tag":[],"class_list":{"0":"post-323","1":"product","2":"type-product","3":"status-publish","4":"has-post-thumbnail","6":"product_cat-spezialgipse","8":"first","9":"instock","10":"shipping-taxable","11":"product-type-simple"},"acf":[],"_links":{"self":[{"href":"https:\/\/szeria-gipsz.hu\/de\/wp-json\/wp\/v2\/product\/323","targetHints":{"allow":["GET"]}}],"collection":[{"href":"https:\/\/szeria-gipsz.hu\/de\/wp-json\/wp\/v2\/product"}],"about":[{"href":"https:\/\/szeria-gipsz.hu\/de\/wp-json\/wp\/v2\/types\/product"}],"wp:featuredmedia":[{"embeddable":true,"href":"https:\/\/szeria-gipsz.hu\/de\/wp-json\/wp\/v2\/media\/2067"}],"wp:attachment":[{"href":"https:\/\/szeria-gipsz.hu\/de\/wp-json\/wp\/v2\/media?parent=323"}],"wp:term":[{"taxonomy":"product_brand","embeddable":true,"href":"https:\/\/szeria-gipsz.hu\/de\/wp-json\/wp\/v2\/product_brand?post=323"},{"taxonomy":"product_cat","embeddable":true,"href":"https:\/\/szeria-gipsz.hu\/de\/wp-json\/wp\/v2\/product_cat?post=323"},{"taxonomy":"product_tag","embeddable":true,"href":"https:\/\/szeria-gipsz.hu\/de\/wp-json\/wp\/v2\/product_tag?post=323"}],"curies":[{"name":"wp","href":"https:\/\/api.w.org\/{rel}","templated":true}]}}