{"id":320,"date":"2025-12-16T01:01:06","date_gmt":"2025-12-16T01:01:06","guid":{"rendered":"https:\/\/epitesigipszek.hu\/?post_type=product&#038;p=320"},"modified":"2025-12-16T03:46:05","modified_gmt":"2025-12-16T03:46:05","slug":"anhydrit-micro-a-naturanhydrit","status":"publish","type":"product","link":"https:\/\/szeria-gipsz.hu\/de\/termek\/anhydrit-micro-a-naturanhydrit\/","title":{"rendered":"Anhydrit &#8211; Micro A (Naturanhydrit)"},"content":{"rendered":"<p>Hochwertiger Anhydrit auf nat\u00fcrlicher Basis, wird als F\u00fcllstoff von Bauprodukte eingesetzt. <!--more--> <strong>Packungsgr\u00f6\u00dfen:<\/strong><\/p>\n<table width=\"290\">\n<tbody>\n<tr>\n<td>1 x<\/td>\n<td>25 kg<\/td>\n<td>40 St.\/Palette<\/td>\n<\/tr>\n<\/tbody>\n<\/table>\n<p>&nbsp;<\/p>\n","protected":false},"excerpt":{"rendered":"<p>Hochwertiger Anhydrit auf nat\u00fcrlicher Basis, wird als F\u00fcllstoff von Bauprodukte eingesetzt.<\/p>\n","protected":false},"featured_media":2069,"template":"","meta":{"_acf_changed":false,"_et_pb_use_builder":"","_et_pb_old_content":"","_et_gb_content_width":""},"product_brand":[],"product_cat":[70],"product_tag":[],"class_list":{"0":"post-320","1":"product","2":"type-product","3":"status-publish","4":"has-post-thumbnail","6":"product_cat-spezialgipse","8":"first","9":"instock","10":"shipping-taxable","11":"product-type-simple"},"acf":[],"_links":{"self":[{"href":"https:\/\/szeria-gipsz.hu\/de\/wp-json\/wp\/v2\/product\/320","targetHints":{"allow":["GET"]}}],"collection":[{"href":"https:\/\/szeria-gipsz.hu\/de\/wp-json\/wp\/v2\/product"}],"about":[{"href":"https:\/\/szeria-gipsz.hu\/de\/wp-json\/wp\/v2\/types\/product"}],"wp:featuredmedia":[{"embeddable":true,"href":"https:\/\/szeria-gipsz.hu\/de\/wp-json\/wp\/v2\/media\/2069"}],"wp:attachment":[{"href":"https:\/\/szeria-gipsz.hu\/de\/wp-json\/wp\/v2\/media?parent=320"}],"wp:term":[{"taxonomy":"product_brand","embeddable":true,"href":"https:\/\/szeria-gipsz.hu\/de\/wp-json\/wp\/v2\/product_brand?post=320"},{"taxonomy":"product_cat","embeddable":true,"href":"https:\/\/szeria-gipsz.hu\/de\/wp-json\/wp\/v2\/product_cat?post=320"},{"taxonomy":"product_tag","embeddable":true,"href":"https:\/\/szeria-gipsz.hu\/de\/wp-json\/wp\/v2\/product_tag?post=320"}],"curies":[{"name":"wp","href":"https:\/\/api.w.org\/{rel}","templated":true}]}}