{"id":314,"date":"2025-12-16T01:00:41","date_gmt":"2025-12-16T01:00:41","guid":{"rendered":"https:\/\/epitesigipszek.hu\/?post_type=product&#038;p=314"},"modified":"2025-12-16T03:46:05","modified_gmt":"2025-12-16T03:46:05","slug":"aussenspachtel-kulteri-glett","status":"publish","type":"product","link":"https:\/\/szeria-gipsz.hu\/de\/termek\/aussenspachtel-kulteri-glett\/","title":{"rendered":"Aussenspachtel (k\u00fclt\u00e9ri glett)"},"content":{"rendered":"<p>Von 0 bis 10 mm Dicke verwendbarer, frostbest\u00e4ndiger Trockenm\u00f6rtel auf Zementbasis f\u00fcr manuelle Spachtelarbeiten im Au\u00dfen- und Innenbereich.<\/p>\n<ul class=\"\">\n<li>Ausgezeichnet verwendbar zum Gl\u00e4tten von Betonw\u00e4nden bzw. Putzfl\u00e4chen mit Zementbindemittel<\/li>\n<li>Verarbeitungszeit: ca. 100-120 Min.<\/li>\n<\/ul>\n<p><!--more--> <strong>Packungsgr\u00f6\u00dfen:<\/strong><\/p>\n<table cellspacing=\"0\" cellpadding=\"0\">\n<tbody>\n<tr>\n<td>1 x<\/td>\n<td>25 kg<\/td>\n<td>48 St.\/Palette<\/td>\n<\/tr>\n<tr>\n<td>1 x<\/td>\n<td>5 kg<\/td>\n<td>160 St.\/Palette<\/td>\n<\/tr>\n<\/tbody>\n<\/table>\n<p>&nbsp;<\/p>\n","protected":false},"excerpt":{"rendered":"<p>Von 0 bis 10 mm Dicke verwendbarer, frostbest\u00e4ndiger Trockenm\u00f6rtel auf Zementbasis f\u00fcr manuelle Spachtelarbeiten im Au\u00dfen- und Innenbereich. Ausgezeichnet verwendbar zum Gl\u00e4tten von Betonw\u00e4nden bzw. Putzfl\u00e4chen mit Zementbindemittel Verarbeitungszeit: ca. 100-120 Min.<\/p>\n","protected":false},"featured_media":390,"template":"","meta":{"_acf_changed":false,"_et_pb_use_builder":"","_et_pb_old_content":"","_et_gb_content_width":""},"product_brand":[],"product_cat":[61],"product_tag":[],"class_list":{"0":"post-314","1":"product","2":"type-product","3":"status-publish","4":"has-post-thumbnail","6":"product_cat-glatte-spachtel","8":"first","9":"instock","10":"shipping-taxable","11":"product-type-simple"},"acf":[],"_links":{"self":[{"href":"https:\/\/szeria-gipsz.hu\/de\/wp-json\/wp\/v2\/product\/314","targetHints":{"allow":["GET"]}}],"collection":[{"href":"https:\/\/szeria-gipsz.hu\/de\/wp-json\/wp\/v2\/product"}],"about":[{"href":"https:\/\/szeria-gipsz.hu\/de\/wp-json\/wp\/v2\/types\/product"}],"wp:featuredmedia":[{"embeddable":true,"href":"https:\/\/szeria-gipsz.hu\/de\/wp-json\/wp\/v2\/media\/390"}],"wp:attachment":[{"href":"https:\/\/szeria-gipsz.hu\/de\/wp-json\/wp\/v2\/media?parent=314"}],"wp:term":[{"taxonomy":"product_brand","embeddable":true,"href":"https:\/\/szeria-gipsz.hu\/de\/wp-json\/wp\/v2\/product_brand?post=314"},{"taxonomy":"product_cat","embeddable":true,"href":"https:\/\/szeria-gipsz.hu\/de\/wp-json\/wp\/v2\/product_cat?post=314"},{"taxonomy":"product_tag","embeddable":true,"href":"https:\/\/szeria-gipsz.hu\/de\/wp-json\/wp\/v2\/product_tag?post=314"}],"curies":[{"name":"wp","href":"https:\/\/api.w.org\/{rel}","templated":true}]}}