{"id":311,"date":"2025-12-16T01:00:34","date_gmt":"2025-12-16T01:00:34","guid":{"rendered":"https:\/\/epitesigipszek.hu\/?post_type=product&#038;p=311"},"modified":"2025-12-16T03:46:06","modified_gmt":"2025-12-16T03:46:06","slug":"fugen-und-spachtelgips-plus-szeria-hezagolo-plusz","status":"publish","type":"product","link":"https:\/\/szeria-gipsz.hu\/de\/termek\/fugen-und-spachtelgips-plus-szeria-hezagolo-plusz\/","title":{"rendered":"Fugen- und Spachtelgips Plus (Sz\u00e9ria-H\u00e9zagol\u00f3 Plusz)"},"content":{"rendered":"<p>Mikrofaserverst\u00e4rkter, die Fugen schrumpffrei ausf\u00fcllender F\u00fcll- und Feinspachtel.<\/p>\n<ul class=\"\">\n<li>Ausgezeichnet verwendbar zum manuellen Verfugen und Spachteln von Gipskartonplatten<\/li>\n<li>Bei fachgerecht hergestelltem Untergrund <i>kann der Feinspachtel ohne Fugenband benutzt werden!<\/i><\/li>\n<li>Er f\u00e4llt nach den Austrocknen nicht zusammen, somit kann ein Nachgl\u00e4tten meistens erspart werden<\/li>\n<li>Verarbeitungszeit: ca. 45 Min.<\/li>\n<\/ul>\n<p><!--more--> <strong>Packungsgr\u00f6\u00dfen:<\/strong><\/p>\n<table cellspacing=\"0\" cellpadding=\"0\">\n<tbody>\n<tr>\n<td>1 x<\/td>\n<td>20 kg<\/td>\n<td>48 St.\/Palette<\/td>\n<\/tr>\n<tr>\n<td>1 x<\/td>\n<td>5 kg<\/td>\n<td>160 St.\/Palette<\/td>\n<\/tr>\n<\/tbody>\n<\/table>\n<p>&nbsp;<\/p>\n","protected":false},"excerpt":{"rendered":"<p>Mikrofaserverst\u00e4rkter, die Fugen schrumpffrei ausf\u00fcllender F\u00fcll- und Feinspachtel. Ausgezeichnet verwendbar zum manuellen Verfugen und Spachteln von Gipskartonplatten Bei fachgerecht hergestelltem Untergrund kann der Feinspachtel ohne Fugenband benutzt werden! Er f\u00e4llt nach den Austrocknen nicht zusammen, somit kann ein Nachgl\u00e4tten meistens erspart werden Verarbeitungszeit: ca. 45 Min.<\/p>\n","protected":false},"featured_media":389,"template":"","meta":{"_acf_changed":false,"_et_pb_use_builder":"","_et_pb_old_content":"","_et_gb_content_width":""},"product_brand":[],"product_cat":[61],"product_tag":[],"class_list":{"0":"post-311","1":"product","2":"type-product","3":"status-publish","4":"has-post-thumbnail","6":"product_cat-glatte-spachtel","8":"first","9":"instock","10":"shipping-taxable","11":"product-type-simple"},"acf":[],"_links":{"self":[{"href":"https:\/\/szeria-gipsz.hu\/de\/wp-json\/wp\/v2\/product\/311","targetHints":{"allow":["GET"]}}],"collection":[{"href":"https:\/\/szeria-gipsz.hu\/de\/wp-json\/wp\/v2\/product"}],"about":[{"href":"https:\/\/szeria-gipsz.hu\/de\/wp-json\/wp\/v2\/types\/product"}],"wp:featuredmedia":[{"embeddable":true,"href":"https:\/\/szeria-gipsz.hu\/de\/wp-json\/wp\/v2\/media\/389"}],"wp:attachment":[{"href":"https:\/\/szeria-gipsz.hu\/de\/wp-json\/wp\/v2\/media?parent=311"}],"wp:term":[{"taxonomy":"product_brand","embeddable":true,"href":"https:\/\/szeria-gipsz.hu\/de\/wp-json\/wp\/v2\/product_brand?post=311"},{"taxonomy":"product_cat","embeddable":true,"href":"https:\/\/szeria-gipsz.hu\/de\/wp-json\/wp\/v2\/product_cat?post=311"},{"taxonomy":"product_tag","embeddable":true,"href":"https:\/\/szeria-gipsz.hu\/de\/wp-json\/wp\/v2\/product_tag?post=311"}],"curies":[{"name":"wp","href":"https:\/\/api.w.org\/{rel}","templated":true}]}}