{"id":308,"date":"2025-12-16T00:59:44","date_gmt":"2025-12-16T00:59:44","guid":{"rendered":"https:\/\/epitesigipszek.hu\/?post_type=product&#038;p=308"},"modified":"2025-12-16T02:55:09","modified_gmt":"2025-12-16T02:55:09","slug":"spachtelgips-szeria-glett-0-10","status":"publish","type":"product","link":"https:\/\/szeria-gipsz.hu\/de\/termek\/spachtelgips-szeria-glett-0-10\/","title":{"rendered":"Spachtelgips (Sz\u00e9ria-Glett) 0-10"},"content":{"rendered":"<p>Von 0 bis 10 mm Dicke vielseitig verwendbarer, extrawei\u00dfer Gips-spachtel f\u00fcr Innen.<\/p>\n<ul class=\"\">\n<li>Ausgezeichnet verwendbar zum Gl\u00e4tten von Beton- und M\u00f6rteloberfl\u00e4chen (kann sogar bis 0 mm abgezogen werden)<\/li>\n<li>Besonders gut geeignet zum Verspachteln und Fugen von Gipskartonplatten mit Bewehrungsstreifen<\/li>\n<li>Auch als Putz verwendbar auf Ziegel- und Betonfl\u00e4chen (max. bis 10 mm Dicke)<\/li>\n<li>Verarbeitungszeit: ca. 75-90 Min.<\/li>\n<\/ul>\n<p><!--more--> <strong>Packungsgr\u00f6\u00dfen:<\/strong><\/p>\n<table cellspacing=\"0\" cellpadding=\"0\">\n<tbody>\n<tr>\n<td>1 x<\/td>\n<td>20 kg<\/td>\n<td>54 St.\/Palette<\/td>\n<\/tr>\n<tr>\n<td>1 x<\/td>\n<td>5 kg<\/td>\n<td>180 St.\/Palette<\/td>\n<\/tr>\n<tr>\n<td>1 x<\/td>\n<td>2,5 kg<\/td>\n<td>240 St.\/Palette<\/td>\n<\/tr>\n<tr>\n<td><\/td>\n<td><\/td>\n<td><\/td>\n<\/tr>\n<\/tbody>\n<\/table>\n","protected":false},"excerpt":{"rendered":"<p>Von 0 bis 10 mm Dicke vielseitig verwendbarer, extrawei\u00dfer Gips-spachtel f\u00fcr Innen. Ausgezeichnet verwendbar zum Gl\u00e4tten von Beton- und M\u00f6rteloberfl\u00e4chen (kann sogar bis 0 mm abgezogen werden) Besonders gut geeignet zum Verspachteln und Fugen von Gipskartonplatten mit Bewehrungsstreifen Auch als Putz verwendbar auf Ziegel- und Betonfl\u00e4chen (max. bis 10 mm Dicke) Verarbeitungszeit: ca. 75-90 Min.<\/p>\n","protected":false},"featured_media":430,"template":"","meta":{"_acf_changed":false,"_et_pb_use_builder":"","_et_pb_old_content":"","_et_gb_content_width":""},"product_brand":[],"product_cat":[61],"product_tag":[],"class_list":{"0":"post-308","1":"product","2":"type-product","3":"status-publish","4":"has-post-thumbnail","6":"product_cat-glatte-spachtel","8":"first","9":"instock","10":"shipping-taxable","11":"product-type-simple"},"acf":[],"_links":{"self":[{"href":"https:\/\/szeria-gipsz.hu\/de\/wp-json\/wp\/v2\/product\/308","targetHints":{"allow":["GET"]}}],"collection":[{"href":"https:\/\/szeria-gipsz.hu\/de\/wp-json\/wp\/v2\/product"}],"about":[{"href":"https:\/\/szeria-gipsz.hu\/de\/wp-json\/wp\/v2\/types\/product"}],"wp:featuredmedia":[{"embeddable":true,"href":"https:\/\/szeria-gipsz.hu\/de\/wp-json\/wp\/v2\/media\/430"}],"wp:attachment":[{"href":"https:\/\/szeria-gipsz.hu\/de\/wp-json\/wp\/v2\/media?parent=308"}],"wp:term":[{"taxonomy":"product_brand","embeddable":true,"href":"https:\/\/szeria-gipsz.hu\/de\/wp-json\/wp\/v2\/product_brand?post=308"},{"taxonomy":"product_cat","embeddable":true,"href":"https:\/\/szeria-gipsz.hu\/de\/wp-json\/wp\/v2\/product_cat?post=308"},{"taxonomy":"product_tag","embeddable":true,"href":"https:\/\/szeria-gipsz.hu\/de\/wp-json\/wp\/v2\/product_tag?post=308"}],"curies":[{"name":"wp","href":"https:\/\/api.w.org\/{rel}","templated":true}]}}