{"id":1541,"date":"2026-01-04T22:16:50","date_gmt":"2026-01-04T22:16:50","guid":{"rendered":"https:\/\/epitesigipszek.hu\/technische-beratung\/"},"modified":"2026-02-11T08:18:18","modified_gmt":"2026-02-11T08:18:18","slug":"technische-beratung","status":"publish","type":"page","link":"https:\/\/szeria-gipsz.hu\/de\/technische-beratung\/","title":{"rendered":"Technische Beratung"},"content":{"rendered":"<p>[et_pb_section fb_built=&#8220;1&#8243; _builder_version=&#8220;4.27.5&#8243; _module_preset=&#8220;default&#8220; background_image=&#8220;https:\/\/epitesigipszek.hu\/wp-content\/uploads\/dietrichkuehne_DSCF4343-scaled.jpg&#8220; custom_padding=&#8220;100px||0px||false|false&#8220; global_colors_info=&#8220;{}&#8220; theme_builder_area=&#8220;post_content&#8220;][et_pb_row _builder_version=&#8220;4.27.5&#8243; _module_preset=&#8220;default&#8220; background_color=&#8220;rgba(255,255,255,0.75)&#8220; custom_margin=&#8220;||0px||false|false&#8220; custom_padding=&#8220;||0px|20px|false|false&#8220; global_colors_info=&#8220;{}&#8220; theme_builder_area=&#8220;post_content&#8220;][et_pb_column type=&#8220;4_4&#8243; _builder_version=&#8220;4.27.5&#8243; _module_preset=&#8220;default&#8220; global_colors_info=&#8220;{}&#8220; theme_builder_area=&#8220;post_content&#8220;][et_pb_heading title=&#8220;Technische Beratung&#8220; module_class=&#8220;top-page-title&#8220; _builder_version=&#8220;4.27.5&#8243; _module_preset=&#8220;default&#8220; custom_margin=&#8220;||0px||false|false&#8220; custom_padding=&#8220;||0px||false|false&#8220; hover_enabled=&#8220;0&#8243; global_colors_info=&#8220;{}&#8220; theme_builder_area=&#8220;post_content&#8220; sticky_enabled=&#8220;0&#8243;][\/et_pb_heading][\/et_pb_column][\/et_pb_row][\/et_pb_section][et_pb_section fb_built=&#8220;1&#8243; _builder_version=&#8220;4.27.5&#8243; _module_preset=&#8220;default&#8220; background_color=&#8220;RGBA(255,255,255,0)&#8220; custom_padding=&#8220;0px||35px|||&#8220; hover_enabled=&#8220;0&#8243; global_colors_info=&#8220;{}&#8220; theme_builder_area=&#8220;post_content&#8220; custom_margin=&#8220;25px||||false|false&#8220; sticky_enabled=&#8220;0&#8243;][et_pb_row _builder_version=&#8220;4.27.5&#8243; _module_preset=&#8220;default&#8220; global_colors_info=&#8220;{}&#8220; theme_builder_area=&#8220;post_content&#8220;][et_pb_column type=&#8220;4_4&#8243; _builder_version=&#8220;4.27.5&#8243; _module_preset=&#8220;default&#8220; global_colors_info=&#8220;{}&#8220; theme_builder_area=&#8220;post_content&#8220;][et_pb_text _builder_version=&#8220;4.27.5&#8243; _module_preset=&#8220;default&#8220; text_line_height=&#8220;2em&#8220; hover_enabled=&#8220;0&#8243; global_colors_info=&#8220;{}&#8220; theme_builder_area=&#8220;post_content&#8220; sticky_enabled=&#8220;0&#8243;]<\/p>\n<p><span>Wenn Sie Fragen zur Verwendung unserer Produkte haben oder uns Ihre Erfahrungen mitteilen m\u00f6chten, wenden Sie sich bitte vertrauensvoll an uns. Sie k\u00f6nnen eine E-Mail an <a href=\"mailto:info@szeria-trans.hu\" bis_skin_checked=\"1\">info@szeria-trans.hu<\/a> senden oder <strong>unser Kontaktformular ausf\u00fcllen.<\/strong> <\/span><\/p>\n<p>Szak\u00e9rt\u0151 csapatunk igyekszik a lehet\u0151 legr\u00f6videbb id\u0151n bel\u00fcl v\u00e1laszolni, \u00e9s seg\u00edteni a felmer\u00fcl\u0151 alkalmaz\u00e1stechnikai k\u00e9rd\u00e9sekben.<\/p>\n<p>[\/et_pb_text][\/et_pb_column][\/et_pb_row][et_pb_row _builder_version=&#8220;4.27.5&#8243; _module_preset=&#8220;default&#8220; global_colors_info=&#8220;{}&#8220; theme_builder_area=&#8220;post_content&#8220;][et_pb_column type=&#8220;4_4&#8243; _builder_version=&#8220;4.27.5&#8243; _module_preset=&#8220;default&#8220; global_colors_info=&#8220;{}&#8220; theme_builder_area=&#8220;post_content&#8220;][et_pb_code _builder_version=&#8220;4.27.5&#8243; _module_preset=&#8220;default&#8220; max_width=&#8220;600px&#8220; module_alignment=&#8220;center&#8220; global_colors_info=&#8220;{}&#8220; theme_builder_area=&#8220;post_content&#8220;]<div class=\"forminator-ui forminator-custom-form forminator-custom-form-1664 forminator-design--default  forminator_ajax\" data-forminator-render=\"0\" data-form=\"forminator-module-1664\" data-uid=\"69e135222efed\"><br\/><\/div><form\n\t\t\t\tid=\"forminator-module-1664\"\n\t\t\t\tclass=\"forminator-ui forminator-custom-form forminator-custom-form-1664 forminator-design--default  forminator_ajax\"\n\t\t\t\tmethod=\"post\"\n\t\t\t\tdata-forminator-render=\"0\"\n\t\t\t\tdata-form-id=\"1664\"\n\t\t\t\t data-color-option=\"theme\" data-design=\"default\" data-grid=\"open\" style=\"display: none;\"\n\t\t\t\tdata-uid=\"69e135222efed\"\n\t\t\t><div role=\"alert\" aria-live=\"polite\" class=\"forminator-response-message forminator-error\" aria-hidden=\"true\"><\/div><div class=\"forminator-row\"><div id=\"name-1\" class=\"forminator-field-name forminator-col forminator-col-12 \"><div class=\"forminator-field\"><label for=\"forminator-field-name-1_69e135222efed\" id=\"forminator-field-name-1_69e135222efed-label\" class=\"forminator-label\">Name: <span class=\"forminator-required\">*<\/span><\/label><input type=\"text\" name=\"name-1\" value=\"\" placeholder=\"\" id=\"forminator-field-name-1_69e135222efed\" class=\"forminator-input forminator-name--field\" aria-required=\"true\" autocomplete=\"name\" \/><\/div><\/div><\/div><div class=\"forminator-row\"><div id=\"email-1\" class=\"forminator-field-email forminator-col forminator-col-12 \"><div class=\"forminator-field\"><label for=\"forminator-field-email-1_69e135222efed\" id=\"forminator-field-email-1_69e135222efed-label\" class=\"forminator-label\">Email: <span class=\"forminator-required\">*<\/span><\/label><input type=\"email\" name=\"email-1\" value=\"\" placeholder=\"\" id=\"forminator-field-email-1_69e135222efed\" class=\"forminator-input forminator-email--field\" data-required=\"true\" aria-required=\"true\" autocomplete=\"email\" \/><\/div><\/div><\/div><div class=\"forminator-row\"><div id=\"phone-1\" class=\"forminator-field-phone forminator-col forminator-col-12 \"><div class=\"forminator-field\"><label for=\"forminator-field-phone-1_69e135222efed\" id=\"forminator-field-phone-1_69e135222efed-label\" class=\"forminator-label\">Telefonnummer:<\/label><input type=\"text\" name=\"phone-1\" value=\"\" placeholder=\"\" id=\"forminator-field-phone-1_69e135222efed\" class=\"forminator-input forminator-field--phone\" data-required=\"\" aria-required=\"false\" autocomplete=\"off\" \/><\/div><\/div><\/div><div class=\"forminator-row\"><div id=\"select-1\" class=\"forminator-field-select forminator-col forminator-col-12 \"><div class=\"forminator-field\"><label for=\"forminator-form-1664__field--select-1_69e135222efed\" id=\"forminator-form-1664__field--select-1_69e135222efed-label\" class=\"forminator-label\">Suchbegriff:<\/label><select  id=\"forminator-form-1664__field--select-1_69e135222efed\" class=\"forminator-select--field forminator-select2 forminator-select2-multiple\" data-required=\"\" name=\"select-1\" data-default-value=\"\" data-hidden-behavior=\"zero\" data-placeholder=\"\" data-search=\"false\" data-search-placeholder=\"\" data-checkbox=\"false\" data-allow-clear=\"false\" aria-labelledby=\"forminator-form-1664__field--select-1_69e135222efed-label\"><option value=\"one\"  data-calculation=\"0\">Professionelle Hilfe anfordern<\/option><option value=\"two\"  data-calculation=\"0\">Verf\u00fcgbarkeit der Produkte<\/option><option value=\"\u00c1ltal\u00e1nos-\u00e9szrev\u00e9tel\"  data-calculation=\"0\">Allgemeine Bemerkung<\/option><option value=\"Egy\u00e9b\"  data-calculation=\"0\">Sonstiges<\/option><\/select><\/div><\/div><\/div><div class=\"forminator-row\"><div id=\"textarea-1\" class=\"forminator-field-textarea forminator-col forminator-col-12 \"><div class=\"forminator-field\"><label for=\"forminator-field-textarea-1_69e135222efed\" id=\"forminator-field-textarea-1_69e135222efed-label\" class=\"forminator-label\">Frage, Anmerkung: <span class=\"forminator-required\">*<\/span><\/label><span id=\"forminator-field-textarea-1_69e135222efed-description\" class=\"forminator-description\"><span data-limit=\"2000\" data-type=\"characters\" data-editor=\"\">0 \/ 2000<\/span><\/span><textarea name=\"textarea-1\" placeholder=\"\" id=\"forminator-field-textarea-1_69e135222efed\" class=\"forminator-textarea\" rows=\"6\" style=\"min-height:140px;\" maxlength=\"2000\" ><\/textarea><\/div><\/div><\/div><div class=\"forminator-row\"><div id=\"checkbox-1\" class=\"forminator-field-checkbox forminator-col forminator-col-12 \"><div role=\"group\" class=\"forminator-field required\" aria-labelledby=\"forminator-checkbox-group-forminator-field-checkbox-1-69e135222efed-label\"><label id=\"forminator-field-checkbox-1-1-69e135222efed-label\" for=\"forminator-field-checkbox-1-1-69e135222efed\" class=\"forminator-checkbox\" title=\"Ich habe die &lt;a href=&quot;\/wp-content\/uploads\/Weboldal-Adatkezelesi-Tajekoztato.pdf&quot; target=&quot;_blank&quot;&gt;Datenschutzerkl\u00e4rung&lt;\/a&gt; gelesen und akzeptiere sie.\"><input type=\"checkbox\" name=\"checkbox-1[]\" value=\"one\" id=\"forminator-field-checkbox-1-1-69e135222efed\" aria-labelledby=\"forminator-field-checkbox-1-1-69e135222efed-label\" data-calculation=\"0\"   data-hidden-behavior=\"zero\"\/><span class=\"forminator-checkbox-box\" aria-hidden=\"true\"><\/span><span class=\"forminator-checkbox-label\">Ich habe die <a href=\"\/wp-content\/uploads\/Weboldal-Adatkezelesi-Tajekoztato.pdf\" target=\"_blank\">Datenschutzerkl\u00e4rung<\/a> gelesen und akzeptiere sie.<\/span><\/label><\/div><\/div><\/div><input type=\"hidden\" name=\"referer_url\" value=\"\" \/><div class=\"forminator-row forminator-row-last\"><div class=\"forminator-col\"><div class=\"forminator-field\"><button class=\"forminator-button forminator-button-submit\">Senden<\/button><\/div><\/div><\/div><input type=\"hidden\" id=\"forminator_nonce\" name=\"forminator_nonce\" value=\"eb24e770e0\" \/><input type=\"hidden\" name=\"_wp_http_referer\" value=\"\/de\/wp-json\/wp\/v2\/pages\/1541\" \/><input type=\"hidden\" name=\"form_id\" value=\"1664\"><input type=\"hidden\" name=\"page_id\" value=\"1541\"><input type=\"hidden\" name=\"form_type\" value=\"default\"><input type=\"hidden\" name=\"current_url\" value=\"https:\/\/szeria-gipsz.hu\/de\/technische-beratung\/\"><input type=\"hidden\" name=\"render_id\" value=\"0\"><input type=\"hidden\" name=\"action\" value=\"forminator_submit_form_custom-forms\"><\/form>[\/et_pb_code][\/et_pb_column][\/et_pb_row][\/et_pb_section]<\/p>\n","protected":false},"excerpt":{"rendered":"<p>Wenn Sie Fragen zur Verwendung unserer Produkte haben oder uns Ihre Erfahrungen mitteilen m\u00f6chten, wenden Sie sich bitte vertrauensvoll an uns. Sie k\u00f6nnen eine E-Mail an info@szeria-trans.hu senden oder unser Kontaktformular ausf\u00fcllen. Szak\u00e9rt\u0151 csapatunk igyekszik a lehet\u0151 legr\u00f6videbb id\u0151n bel\u00fcl v\u00e1laszolni, \u00e9s seg\u00edteni a felmer\u00fcl\u0151 alkalmaz\u00e1stechnikai k\u00e9rd\u00e9sekben.<div class=\"forminator-ui forminator-custom-form forminator-custom-form-1664 forminator-design--default  forminator_ajax\" data-forminator-render=\"1\" data-form=\"forminator-module-1664\" data-uid=\"69e13522369de\"><br\/><\/div><form\n\t\t\t\tid=\"forminator-module-1664\"\n\t\t\t\tclass=\"forminator-ui forminator-custom-form forminator-custom-form-1664 forminator-design--default  forminator_ajax\"\n\t\t\t\tmethod=\"post\"\n\t\t\t\tdata-forminator-render=\"1\"\n\t\t\t\tdata-form-id=\"1664\"\n\t\t\t\t data-color-option=\"theme\" data-design=\"default\" data-grid=\"open\" style=\"display: none;\"\n\t\t\t\tdata-uid=\"69e13522369de\"\n\t\t\t><div role=\"alert\" aria-live=\"polite\" class=\"forminator-response-message forminator-error\" aria-hidden=\"true\"><\/div><div class=\"forminator-row\"><div id=\"name-1\" class=\"forminator-field-name forminator-col forminator-col-12 \"><div class=\"forminator-field\"><label for=\"forminator-field-name-1_69e13522369de\" id=\"forminator-field-name-1_69e13522369de-label\" class=\"forminator-label\">Name: <span class=\"forminator-required\">*<\/span><\/label><input type=\"text\" name=\"name-1\" value=\"\" placeholder=\"\" id=\"forminator-field-name-1_69e13522369de\" class=\"forminator-input forminator-name--field\" aria-required=\"true\" autocomplete=\"name\" \/><\/div><\/div><\/div><div class=\"forminator-row\"><div id=\"email-1\" class=\"forminator-field-email forminator-col forminator-col-12 \"><div class=\"forminator-field\"><label for=\"forminator-field-email-1_69e13522369de\" id=\"forminator-field-email-1_69e13522369de-label\" class=\"forminator-label\">Email: <span class=\"forminator-required\">*<\/span><\/label><input type=\"email\" name=\"email-1\" value=\"\" placeholder=\"\" id=\"forminator-field-email-1_69e13522369de\" class=\"forminator-input forminator-email--field\" data-required=\"true\" aria-required=\"true\" autocomplete=\"email\" \/><\/div><\/div><\/div><div class=\"forminator-row\"><div id=\"phone-1\" class=\"forminator-field-phone forminator-col forminator-col-12 \"><div class=\"forminator-field\"><label for=\"forminator-field-phone-1_69e13522369de\" id=\"forminator-field-phone-1_69e13522369de-label\" class=\"forminator-label\">Telefonnummer:<\/label><input type=\"text\" name=\"phone-1\" value=\"\" placeholder=\"\" id=\"forminator-field-phone-1_69e13522369de\" class=\"forminator-input forminator-field--phone\" data-required=\"\" aria-required=\"false\" autocomplete=\"off\" \/><\/div><\/div><\/div><div class=\"forminator-row\"><div id=\"select-1\" class=\"forminator-field-select forminator-col forminator-col-12 \"><div class=\"forminator-field\"><label for=\"forminator-form-1664__field--select-1_69e13522369de\" id=\"forminator-form-1664__field--select-1_69e13522369de-label\" class=\"forminator-label\">Suchbegriff:<\/label><select  id=\"forminator-form-1664__field--select-1_69e13522369de\" class=\"forminator-select--field forminator-select2 forminator-select2-multiple\" data-required=\"\" name=\"select-1\" data-default-value=\"\" data-hidden-behavior=\"zero\" data-placeholder=\"\" data-search=\"false\" data-search-placeholder=\"\" data-checkbox=\"false\" data-allow-clear=\"false\" aria-labelledby=\"forminator-form-1664__field--select-1_69e13522369de-label\"><option value=\"one\"  data-calculation=\"0\">Professionelle Hilfe anfordern<\/option><option value=\"two\"  data-calculation=\"0\">Verf\u00fcgbarkeit der Produkte<\/option><option value=\"\u00c1ltal\u00e1nos-\u00e9szrev\u00e9tel\"  data-calculation=\"0\">Allgemeine Bemerkung<\/option><option value=\"Egy\u00e9b\"  data-calculation=\"0\">Sonstiges<\/option><\/select><\/div><\/div><\/div><div class=\"forminator-row\"><div id=\"textarea-1\" class=\"forminator-field-textarea forminator-col forminator-col-12 \"><div class=\"forminator-field\"><label for=\"forminator-field-textarea-1_69e13522369de\" id=\"forminator-field-textarea-1_69e13522369de-label\" class=\"forminator-label\">Frage, Anmerkung: <span class=\"forminator-required\">*<\/span><\/label><span id=\"forminator-field-textarea-1_69e13522369de-description\" class=\"forminator-description\"><span data-limit=\"2000\" data-type=\"characters\" data-editor=\"\">0 \/ 2000<\/span><\/span><textarea name=\"textarea-1\" placeholder=\"\" id=\"forminator-field-textarea-1_69e13522369de\" class=\"forminator-textarea\" rows=\"6\" style=\"min-height:140px;\" maxlength=\"2000\" ><\/textarea><\/div><\/div><\/div><div class=\"forminator-row\"><div id=\"checkbox-1\" class=\"forminator-field-checkbox forminator-col forminator-col-12 \"><div role=\"group\" class=\"forminator-field required\" aria-labelledby=\"forminator-checkbox-group-forminator-field-checkbox-1-69e13522369de-label\"><label id=\"forminator-field-checkbox-1-1-69e13522369de-label\" for=\"forminator-field-checkbox-1-1-69e13522369de\" class=\"forminator-checkbox\" title=\"Ich habe die &lt;a href=&quot;\/wp-content\/uploads\/Weboldal-Adatkezelesi-Tajekoztato.pdf&quot; target=&quot;_blank&quot;&gt;Datenschutzerkl\u00e4rung&lt;\/a&gt; gelesen und akzeptiere sie.\"><input type=\"checkbox\" name=\"checkbox-1[]\" value=\"one\" id=\"forminator-field-checkbox-1-1-69e13522369de\" aria-labelledby=\"forminator-field-checkbox-1-1-69e13522369de-label\" data-calculation=\"0\"   data-hidden-behavior=\"zero\"\/><span class=\"forminator-checkbox-box\" aria-hidden=\"true\"><\/span><span class=\"forminator-checkbox-label\">Ich habe die <a href=\"\/wp-content\/uploads\/Weboldal-Adatkezelesi-Tajekoztato.pdf\" target=\"_blank\">Datenschutzerkl\u00e4rung<\/a> gelesen und akzeptiere sie.<\/span><\/label><\/div><\/div><\/div><input type=\"hidden\" name=\"referer_url\" value=\"\" \/><div class=\"forminator-row forminator-row-last\"><div class=\"forminator-col\"><div class=\"forminator-field\"><button class=\"forminator-button forminator-button-submit\">Senden<\/button><\/div><\/div><\/div><input type=\"hidden\" id=\"forminator_nonce\" name=\"forminator_nonce\" value=\"eb24e770e0\" \/><input type=\"hidden\" name=\"_wp_http_referer\" value=\"\/de\/wp-json\/wp\/v2\/pages\/1541\" \/><input type=\"hidden\" name=\"form_id\" value=\"1664\"><input type=\"hidden\" name=\"page_id\" value=\"1541\"><input type=\"hidden\" name=\"form_type\" value=\"default\"><input type=\"hidden\" name=\"current_url\" value=\"https:\/\/szeria-gipsz.hu\/de\/technische-beratung\/\"><input type=\"hidden\" name=\"render_id\" value=\"1\"><input type=\"hidden\" name=\"action\" value=\"forminator_submit_form_custom-forms\"><\/form><\/p>\n","protected":false},"author":1,"featured_media":0,"parent":0,"menu_order":0,"comment_status":"closed","ping_status":"closed","template":"","meta":{"_acf_changed":false,"_et_pb_use_builder":"on","_et_pb_old_content":"","_et_gb_content_width":"","footnotes":""},"class_list":["post-1541","page","type-page","status-publish","hentry"],"acf":[],"_links":{"self":[{"href":"https:\/\/szeria-gipsz.hu\/de\/wp-json\/wp\/v2\/pages\/1541","targetHints":{"allow":["GET"]}}],"collection":[{"href":"https:\/\/szeria-gipsz.hu\/de\/wp-json\/wp\/v2\/pages"}],"about":[{"href":"https:\/\/szeria-gipsz.hu\/de\/wp-json\/wp\/v2\/types\/page"}],"author":[{"embeddable":true,"href":"https:\/\/szeria-gipsz.hu\/de\/wp-json\/wp\/v2\/users\/1"}],"replies":[{"embeddable":true,"href":"https:\/\/szeria-gipsz.hu\/de\/wp-json\/wp\/v2\/comments?post=1541"}],"version-history":[{"count":5,"href":"https:\/\/szeria-gipsz.hu\/de\/wp-json\/wp\/v2\/pages\/1541\/revisions"}],"predecessor-version":[{"id":2000,"href":"https:\/\/szeria-gipsz.hu\/de\/wp-json\/wp\/v2\/pages\/1541\/revisions\/2000"}],"wp:attachment":[{"href":"https:\/\/szeria-gipsz.hu\/de\/wp-json\/wp\/v2\/media?parent=1541"}],"curies":[{"name":"wp","href":"https:\/\/api.w.org\/{rel}","templated":true}]}}