{"id":1526,"date":"2025-12-31T12:07:25","date_gmt":"2025-12-31T12:07:25","guid":{"rendered":"https:\/\/epitesigipszek.hu\/hasznos-informaciok\/kataloge\/"},"modified":"2026-01-30T17:21:16","modified_gmt":"2026-01-30T17:21:16","slug":"kataloge","status":"publish","type":"page","link":"https:\/\/szeria-gipsz.hu\/de\/hasznos-informaciok\/kataloge\/","title":{"rendered":"Kataloge"},"content":{"rendered":"<p>[et_pb_section fb_built=&#8220;1&#8243; _builder_version=&#8220;4.27.5&#8243; _module_preset=&#8220;default&#8220; background_image=&#8220;https:\/\/epitesigipszek.hu\/wp-content\/uploads\/dietrichkuehne_DSCF4343-scaled.jpg&#8220; custom_padding=&#8220;100px||0px||false|false&#8220; global_colors_info=&#8220;{}&#8220;][et_pb_row _builder_version=&#8220;4.27.5&#8243; _module_preset=&#8220;default&#8220; background_color=&#8220;rgba(255,255,255,0.75)&#8220; custom_margin=&#8220;||0px||false|false&#8220; custom_padding=&#8220;||0px|20px|false|false&#8220; global_colors_info=&#8220;{}&#8220;][et_pb_column type=&#8220;4_4&#8243; _builder_version=&#8220;4.27.5&#8243; _module_preset=&#8220;default&#8220; global_colors_info=&#8220;{}&#8220;][et_pb_heading title=&#8220;Kataloge&#8220; module_class=&#8220;top-page-title&#8220; _builder_version=&#8220;4.27.5&#8243; _module_preset=&#8220;default&#8220; custom_margin=&#8220;||0px||false|false&#8220; custom_padding=&#8220;||0px||false|false&#8220; global_colors_info=&#8220;{}&#8220;][\/et_pb_heading][\/et_pb_column][\/et_pb_row][\/et_pb_section][et_pb_section fb_built=&#8220;1&#8243; _builder_version=&#8220;4.27.5&#8243; _module_preset=&#8220;default&#8220; custom_padding=&#8220;29px||107px|||&#8220; global_colors_info=&#8220;{}&#8220;][et_pb_row _builder_version=&#8220;4.27.5&#8243; _module_preset=&#8220;default&#8220; global_colors_info=&#8220;{}&#8220;][et_pb_column type=&#8220;4_4&#8243; _builder_version=&#8220;4.27.5&#8243; _module_preset=&#8220;default&#8220; global_colors_info=&#8220;{}&#8220;][et_pb_heading title=&#8220;Sz\u00e9ria Produktkatalog&#8220; _builder_version=&#8220;4.27.5&#8243; _module_preset=&#8220;default&#8220; title_level=&#8220;h2&#8243; title_font=&#8220;|300|||||||&#8220; global_colors_info=&#8220;{}&#8220;][\/et_pb_heading][et_pb_code _builder_version=&#8220;4.27.5&#8243; _module_preset=&#8220;default&#8220; hover_enabled=&#8220;0&#8243; global_colors_info=&#8220;{}&#8220; disabled_on=&#8220;off|on|on&#8220; sticky_enabled=&#8220;0&#8243;]<div class=\"_df_thumb \" id=\"df_1342\"  _slug=\"szeria-termekkatalogus\" data-title=\"szeria-termekkatalogus\" wpoptions=\"true\" thumb=\"https:\/\/szeria-gipsz.hu\/wp-content\/uploads\/termekkatalogus-2024.jpg\" thumbtype=\"\" >Sz\u00e9ria term\u00e9kkatal\u00f3gus<\/div><script class=\"df-shortcode-script\" nowprocket type=\"application\/javascript\">window.option_df_1342 = {\"outline\":[],\"autoEnableOutline\":\"false\",\"autoEnableThumbnail\":\"false\",\"overwritePDFOutline\":\"false\",\"direction\":\"1\",\"pageSize\":\"0\",\"source\":\"https:\\\/\\\/szeria-gipsz.hu\\\/wp-content\\\/uploads\\\/Szeria-termekkatalogus_2024_28old.pdf\",\"wpOptions\":\"true\"}; if(window.DFLIP && window.DFLIP.parseBooks){window.DFLIP.parseBooks();}<\/script>[\/et_pb_code][et_pb_code _builder_version=&#8220;4.27.5&#8243; _module_preset=&#8220;default&#8220; hover_enabled=&#8220;0&#8243; global_colors_info=&#8220;{}&#8220; disabled_on=&#8220;on|off|off&#8220; sticky_enabled=&#8220;0&#8243;]<div class=\"_df_book df-lite\" id=\"df_1342\"  _slug=\"szeria-termekkatalogus\" data-title=\"szeria-termekkatalogus\" wpoptions=\"true\" thumb=\"https:\/\/szeria-gipsz.hu\/wp-content\/uploads\/termekkatalogus-2024.jpg\" thumbtype=\"\" ><\/div><script class=\"df-shortcode-script\" nowprocket type=\"application\/javascript\">window.option_df_1342 = {\"outline\":[],\"autoEnableOutline\":\"false\",\"autoEnableThumbnail\":\"false\",\"overwritePDFOutline\":\"false\",\"direction\":\"1\",\"pageSize\":\"0\",\"source\":\"https:\\\/\\\/szeria-gipsz.hu\\\/wp-content\\\/uploads\\\/Szeria-termekkatalogus_2024_28old.pdf\",\"wpOptions\":\"true\"}; if(window.DFLIP && window.DFLIP.parseBooks){window.DFLIP.parseBooks();}<\/script>[\/et_pb_code][\/et_pb_column][\/et_pb_row][et_pb_row _builder_version=&#8220;4.27.5&#8243; _module_preset=&#8220;default&#8220; global_colors_info=&#8220;{}&#8220;][et_pb_column type=&#8220;4_4&#8243; _builder_version=&#8220;4.27.5&#8243; _module_preset=&#8220;default&#8220; global_colors_info=&#8220;{}&#8220;][et_pb_heading title=&#8220;Mini-Kataloge&#8220; _builder_version=&#8220;4.27.5&#8243; _module_preset=&#8220;default&#8220; title_level=&#8220;h2&#8243; title_font=&#8220;|300|||||||&#8220; global_colors_info=&#8220;{}&#8220;][\/et_pb_heading][et_pb_text _builder_version=&#8220;4.27.5&#8243; _module_preset=&#8220;default&#8220; global_colors_info=&#8220;{}&#8220;]<\/p>\n<p>Wenn Sie auf das Bild im Katalog klicken, wird das gesamte Dokument in einem neuen Fenster angezeigt.<\/p>\n<p>[\/et_pb_text][\/et_pb_column][\/et_pb_row][et_pb_row module_class=&#8220;mini_catalog_area&#8220; _builder_version=&#8220;4.27.5&#8243; _module_preset=&#8220;default&#8220; custom_padding=&#8220;1px|||||&#8220; global_colors_info=&#8220;{}&#8220;][et_pb_column type=&#8220;4_4&#8243; _builder_version=&#8220;4.27.5&#8243; _module_preset=&#8220;default&#8220; global_colors_info=&#8220;{}&#8220;][et_pb_image src=&#8220;https:\/\/epitesigipszek.hu\/wp-content\/uploads\/Szeria-glett_LA4_borito_kicsi.jpg&#8220; title_text=&#8220;Szeria-glett_LA4_borito_kicsi&#8220; url=&#8220;@ET-DC@eyJkeW5hbWljIjp0cnVlLCJjb250ZW50IjoicG9zdF9saW5rX3VybF9hdHRhY2htZW50Iiwic2V0dGluZ3MiOnsicG9zdF9pZCI6IjEwNzAiLCJlbmFibGVfaHRtbCI6Im9mZiJ9fQ==@&#8220; url_new_window=&#8220;on&#8220; module_class=&#8220;mini_catalog&#8220; _builder_version=&#8220;4.27.5&#8243; _dynamic_attributes=&#8220;url&#8220; _module_preset=&#8220;default&#8220; global_colors_info=&#8220;{}&#8220;][\/et_pb_image][et_pb_image src=&#8220;https:\/\/epitesigipszek.hu\/wp-content\/uploads\/Mestervakolat_LA4_borito_kicsi.jpg&#8220; title_text=&#8220;Mestervakolat_LA4_borito_kicsi&#8220; url=&#8220;@ET-DC@eyJkeW5hbWljIjp0cnVlLCJjb250ZW50IjoicG9zdF9saW5rX3VybF9hdHRhY2htZW50Iiwic2V0dGluZ3MiOnsicG9zdF9pZCI6IjEwNzEiLCJlbmFibGVfaHRtbCI6Im9mZiJ9fQ==@&#8220; url_new_window=&#8220;on&#8220; module_class=&#8220;mini_catalog&#8220; _builder_version=&#8220;4.27.5&#8243; _dynamic_attributes=&#8220;url&#8220; _module_preset=&#8220;default&#8220; global_colors_info=&#8220;{}&#8220;][\/et_pb_image][et_pb_image src=&#8220;https:\/\/epitesigipszek.hu\/wp-content\/uploads\/Szeria-hezagolo_LA4_borito_kicsi.jpg&#8220; title_text=&#8220;Szeria-hezagolo_LA4_borito_kicsi&#8220; url=&#8220;@ET-DC@eyJkeW5hbWljIjp0cnVlLCJjb250ZW50IjoicG9zdF9saW5rX3VybF9hdHRhY2htZW50Iiwic2V0dGluZ3MiOnsicG9zdF9pZCI6IjEwNjkiLCJlbmFibGVfaHRtbCI6Im9mZiJ9fQ==@&#8220; url_new_window=&#8220;on&#8220; module_class=&#8220;mini_catalog&#8220; _builder_version=&#8220;4.27.5&#8243; _dynamic_attributes=&#8220;url&#8220; _module_preset=&#8220;default&#8220; global_colors_info=&#8220;{}&#8220;][\/et_pb_image][et_pb_image src=&#8220;https:\/\/epitesigipszek.hu\/wp-content\/uploads\/Standard_LA4_borito_kicsi_mod.jpg&#8220; title_text=&#8220;Standard_LA4_borito_kicsi_mod&#8220; url=&#8220;@ET-DC@eyJkeW5hbWljIjp0cnVlLCJjb250ZW50IjoicG9zdF9saW5rX3VybF9hdHRhY2htZW50Iiwic2V0dGluZ3MiOnsicG9zdF9pZCI6IjEwNjgiLCJlbmFibGVfaHRtbCI6Im9mZiJ9fQ==@&#8220; url_new_window=&#8220;on&#8220; module_class=&#8220;mini_catalog&#8220; _builder_version=&#8220;4.27.5&#8243; _dynamic_attributes=&#8220;url&#8220; _module_preset=&#8220;default&#8220; global_colors_info=&#8220;{}&#8220;][\/et_pb_image][et_pb_image src=&#8220;https:\/\/epitesigipszek.hu\/wp-content\/uploads\/Szakipari_gipszek_LA4_borito_kicsi_mod.jpg&#8220; title_text=&#8220;Szakipari_gipszek_LA4_borito_kicsi_mod&#8220; url=&#8220;@ET-DC@eyJkeW5hbWljIjp0cnVlLCJjb250ZW50IjoicG9zdF9saW5rX3VybF9hdHRhY2htZW50Iiwic2V0dGluZ3MiOnsicG9zdF9pZCI6IjEwNjciLCJlbmFibGVfaHRtbCI6Im9mZiJ9fQ==@&#8220; url_new_window=&#8220;on&#8220; module_class=&#8220;mini_catalog&#8220; _builder_version=&#8220;4.27.5&#8243; _dynamic_attributes=&#8220;url&#8220; _module_preset=&#8220;default&#8220; global_colors_info=&#8220;{}&#8220;][\/et_pb_image][et_pb_image src=&#8220;https:\/\/epitesigipszek.hu\/wp-content\/uploads\/boardfix_RG_LA4_borito_kicsi.jpg&#8220; title_text=&#8220;boardfix_RG_LA4_borito_kicsi&#8220; url=&#8220;@ET-DC@eyJkeW5hbWljIjp0cnVlLCJjb250ZW50IjoicG9zdF9saW5rX3VybF9hdHRhY2htZW50Iiwic2V0dGluZ3MiOnsicG9zdF9pZCI6IjEwNjYiLCJlbmFibGVfaHRtbCI6Im9mZiJ9fQ==@&#8220; url_new_window=&#8220;on&#8220; module_class=&#8220;mini_catalog&#8220; _builder_version=&#8220;4.27.5&#8243; _dynamic_attributes=&#8220;url&#8220; _module_preset=&#8220;default&#8220; global_colors_info=&#8220;{}&#8220;][\/et_pb_image][et_pb_image src=&#8220;https:\/\/epitesigipszek.hu\/wp-content\/uploads\/floorline-AK_LA4_borito_kicsi.jpg&#8220; title_text=&#8220;floorline-AK_LA4_borito_kicsi&#8220; url=&#8220;@ET-DC@eyJkeW5hbWljIjp0cnVlLCJjb250ZW50IjoicG9zdF9saW5rX3VybF9hdHRhY2htZW50Iiwic2V0dGluZ3MiOnsicG9zdF9pZCI6IjEwNjUiLCJlbmFibGVfaHRtbCI6Im9mZiJ9fQ==@&#8220; url_new_window=&#8220;on&#8220; module_class=&#8220;mini_catalog&#8220; _builder_version=&#8220;4.27.5&#8243; _dynamic_attributes=&#8220;url&#8220; _module_preset=&#8220;default&#8220; global_colors_info=&#8220;{}&#8220;][\/et_pb_image][et_pb_image src=&#8220;https:\/\/epitesigipszek.hu\/wp-content\/uploads\/Szorhato_glettek_LA4_borito_kicsi.jpg&#8220; title_text=&#8220;Szorhato_glettek_LA4_borito_kicsi&#8220; url=&#8220;@ET-DC@eyJkeW5hbWljIjp0cnVlLCJjb250ZW50IjoicG9zdF9saW5rX3VybF9hdHRhY2htZW50Iiwic2V0dGluZ3MiOnsicG9zdF9pZCI6IjEwNjQiLCJlbmFibGVfaHRtbCI6Im9mZiJ9fQ==@&#8220; url_new_window=&#8220;on&#8220; module_class=&#8220;mini_catalog&#8220; _builder_version=&#8220;4.27.5&#8243; _dynamic_attributes=&#8220;url&#8220; _module_preset=&#8220;default&#8220; global_colors_info=&#8220;{}&#8220;][\/et_pb_image][et_pb_image src=&#8220;https:\/\/epitesigipszek.hu\/wp-content\/uploads\/Szeria_gipszek_LA4_borito_kicsi.jpg&#8220; title_text=&#8220;Szeria_gipszek_LA4_borito_kicsi&#8220; url=&#8220;@ET-DC@eyJkeW5hbWljIjp0cnVlLCJjb250ZW50IjoicG9zdF9saW5rX3VybF9hdHRhY2htZW50Iiwic2V0dGluZ3MiOnsicG9zdF9pZCI6IjEwNjMiLCJlbmFibGVfaHRtbCI6Im9mZiJ9fQ==@&#8220; url_new_window=&#8220;on&#8220; module_class=&#8220;mini_catalog&#8220; _builder_version=&#8220;4.27.5&#8243; _dynamic_attributes=&#8220;url&#8220; _module_preset=&#8220;default&#8220; global_colors_info=&#8220;{}&#8220;][\/et_pb_image][\/et_pb_column][\/et_pb_row][\/et_pb_section]<\/p>\n","protected":false},"excerpt":{"rendered":"<p><div class=\"_df_thumb \" id=\"df_1342\"  _slug=\"szeria-termekkatalogus\" data-title=\"szeria-termekkatalogus\" wpoptions=\"true\" thumb=\"https:\/\/szeria-gipsz.hu\/wp-content\/uploads\/termekkatalogus-2024.jpg\" thumbtype=\"\" >Sz\u00e9ria term\u00e9kkatal\u00f3gus<\/div><script class=\"df-shortcode-script\" nowprocket type=\"application\/javascript\">window.option_df_1342 = {\"outline\":[],\"autoEnableOutline\":\"false\",\"autoEnableThumbnail\":\"false\",\"overwritePDFOutline\":\"false\",\"direction\":\"1\",\"pageSize\":\"0\",\"source\":\"https:\\\/\\\/szeria-gipsz.hu\\\/wp-content\\\/uploads\\\/Szeria-termekkatalogus_2024_28old.pdf\",\"wpOptions\":\"true\"}; if(window.DFLIP && window.DFLIP.parseBooks){window.DFLIP.parseBooks();}<\/script><div class=\"_df_book df-lite\" id=\"df_1342\"  _slug=\"szeria-termekkatalogus\" data-title=\"szeria-termekkatalogus\" wpoptions=\"true\" thumb=\"https:\/\/szeria-gipsz.hu\/wp-content\/uploads\/termekkatalogus-2024.jpg\" thumbtype=\"\" ><\/div><script class=\"df-shortcode-script\" nowprocket type=\"application\/javascript\">window.option_df_1342 = {\"outline\":[],\"autoEnableOutline\":\"false\",\"autoEnableThumbnail\":\"false\",\"overwritePDFOutline\":\"false\",\"direction\":\"1\",\"pageSize\":\"0\",\"source\":\"https:\\\/\\\/szeria-gipsz.hu\\\/wp-content\\\/uploads\\\/Szeria-termekkatalogus_2024_28old.pdf\",\"wpOptions\":\"true\"}; if(window.DFLIP && window.DFLIP.parseBooks){window.DFLIP.parseBooks();}<\/script>Wenn Sie auf das Bild im Katalog klicken, wird das gesamte Dokument in einem neuen Fenster angezeigt.<\/p>\n","protected":false},"author":1,"featured_media":0,"parent":1518,"menu_order":0,"comment_status":"closed","ping_status":"closed","template":"","meta":{"_acf_changed":false,"_et_pb_use_builder":"on","_et_pb_old_content":"","_et_gb_content_width":"","footnotes":""},"class_list":["post-1526","page","type-page","status-publish","hentry"],"acf":[],"_links":{"self":[{"href":"https:\/\/szeria-gipsz.hu\/de\/wp-json\/wp\/v2\/pages\/1526","targetHints":{"allow":["GET"]}}],"collection":[{"href":"https:\/\/szeria-gipsz.hu\/de\/wp-json\/wp\/v2\/pages"}],"about":[{"href":"https:\/\/szeria-gipsz.hu\/de\/wp-json\/wp\/v2\/types\/page"}],"author":[{"embeddable":true,"href":"https:\/\/szeria-gipsz.hu\/de\/wp-json\/wp\/v2\/users\/1"}],"replies":[{"embeddable":true,"href":"https:\/\/szeria-gipsz.hu\/de\/wp-json\/wp\/v2\/comments?post=1526"}],"version-history":[{"count":2,"href":"https:\/\/szeria-gipsz.hu\/de\/wp-json\/wp\/v2\/pages\/1526\/revisions"}],"predecessor-version":[{"id":1528,"href":"https:\/\/szeria-gipsz.hu\/de\/wp-json\/wp\/v2\/pages\/1526\/revisions\/1528"}],"up":[{"embeddable":true,"href":"https:\/\/szeria-gipsz.hu\/de\/wp-json\/wp\/v2\/pages\/1518"}],"wp:attachment":[{"href":"https:\/\/szeria-gipsz.hu\/de\/wp-json\/wp\/v2\/media?parent=1526"}],"curies":[{"name":"wp","href":"https:\/\/api.w.org\/{rel}","templated":true}]}}