{"id":1492,"date":"2025-12-02T15:22:18","date_gmt":"2025-12-02T15:22:18","guid":{"rendered":"https:\/\/epitesigipszek.hu\/faq\/"},"modified":"2026-01-30T17:14:11","modified_gmt":"2026-01-30T17:14:11","slug":"faq","status":"publish","type":"page","link":"https:\/\/szeria-gipsz.hu\/de\/hasznos-informaciok\/faq\/","title":{"rendered":"FAQ"},"content":{"rendered":"<p>[et_pb_section fb_built=&#8220;1&#8243; _builder_version=&#8220;4.27.5&#8243; _module_preset=&#8220;default&#8220; background_image=&#8220;https:\/\/epitesigipszek.hu\/wp-content\/uploads\/dietrichkuehne_DSCF4343-scaled.jpg&#8220; custom_padding=&#8220;100px||0px||false|false&#8220; global_colors_info=&#8220;{}&#8220;][et_pb_row _builder_version=&#8220;4.27.5&#8243; _module_preset=&#8220;default&#8220; background_color=&#8220;rgba(255,255,255,0.75)&#8220; custom_margin=&#8220;||0px||false|false&#8220; custom_padding=&#8220;||0px|20px|false|false&#8220; global_colors_info=&#8220;{}&#8220;][et_pb_column type=&#8220;4_4&#8243; _builder_version=&#8220;4.27.5&#8243; _module_preset=&#8220;default&#8220; global_colors_info=&#8220;{}&#8220;][et_pb_heading title=&#8220;H\u00e4ufig gestellte Fragen (FAQ)&#8220; module_class=&#8220;top-page-title&#8220; _builder_version=&#8220;4.27.5&#8243; _module_preset=&#8220;default&#8220; custom_margin=&#8220;||0px||false|false&#8220; custom_padding=&#8220;||0px||false|false&#8220; global_colors_info=&#8220;{}&#8220;][\/et_pb_heading][\/et_pb_column][\/et_pb_row][\/et_pb_section][et_pb_section fb_built=&#8220;1&#8243; _builder_version=&#8220;4.27.4&#8243; _module_preset=&#8220;default&#8220; custom_padding=&#8220;34px|||||&#8220; global_colors_info=&#8220;{}&#8220;][et_pb_row _builder_version=&#8220;4.27.5&#8243; _module_preset=&#8220;default&#8220; custom_margin=&#8220;-6px|auto||auto||&#8220; global_colors_info=&#8220;{}&#8220;][et_pb_column type=&#8220;4_4&#8243; _builder_version=&#8220;4.27.5&#8243; _module_preset=&#8220;default&#8220; global_colors_info=&#8220;{}&#8220;][et_pb_heading title=&#8220;Grundierung&#8220; _builder_version=&#8220;4.27.5&#8243; _module_preset=&#8220;default&#8220; title_level=&#8220;h3&#8243; global_colors_info=&#8220;{}&#8220;][\/et_pb_heading][et_pb_accordion toggle_icon=&#8220;&#x43;||divi||400&#8243; admin_label=&#8220;Alapoz\u00f3k&#8220; module_class=&#8220;gyik-harmonika&#8220; _builder_version=&#8220;4.27.5&#8243; _module_preset=&#8220;default&#8220; global_colors_info=&#8220;{}&#8220;][et_pb_accordion_item title=&#8220;Warum sollte eine Grundierung benutzt werden?&#8220; open=&#8220;on&#8220; _builder_version=&#8220;4.27.5&#8243; _module_preset=&#8220;default&#8220; global_colors_info=&#8220;{}&#8220;]<\/p>\n<p><span>Die Grundierung bindet die por\u00f6sen und abbrockelnden Teile von mineralischen Untergr\u00fcnden, W\u00e4nden, Bodensystemen ab, wodurch eine wesentlich bessere Haftfl\u00e4che erzielt wird. Durch Schlie\u00dfen der Poren des Untergrunds wird die Saugf\u00e4higkeit der Fl\u00e4che wesentlich gemindert und gleichm\u00e4\u00dfiger gemacht, was das schnelle Ausbrennen von gipshaltigen Putzen und Gl\u00e4ttgipsen verhindert. Im Innenraum kann er auch als Schutzbelag f\u00fcr mineralische Untergr\u00fcnde und Dispersionsfarben benutzt werden.  <\/span><\/p>\n<p>[\/et_pb_accordion_item][\/et_pb_accordion][et_pb_heading title=&#8220;Flie\u00dfspachtel&#8220; _builder_version=&#8220;4.27.5&#8243; _module_preset=&#8220;default&#8220; title_level=&#8220;h3&#8243; global_colors_info=&#8220;{}&#8220;][\/et_pb_heading][et_pb_accordion toggle_icon=&#8220;&#x43;||divi||400&#8243; admin_label=&#8220;Aljzatkiegyenl\u00edt\u0151k&#8220; module_class=&#8220;gyik-harmonika&#8220; _builder_version=&#8220;4.27.5&#8243; _module_preset=&#8220;default&#8220; global_colors_info=&#8220;{}&#8220;][et_pb_accordion_item title=&#8220; Nach wieviel Stunden ist \u201eSz\u00e9ria\u201c Flie\u00dfspachtel begehbar und nach wieviel Stunden kann auf ihn gefliest werden?&#8220; open=&#8220;on&#8220; _builder_version=&#8220;4.27.5&#8243; _module_preset=&#8220;default&#8220; global_colors_info=&#8220;{}&#8220;]<\/p>\n<p>Das ist auch von der aufgetragenen Schichtst\u00e4rke und der Umgebung (z.B. Temperatur, Luftfeuchtigkeit) abh\u00e4ngig, die Fl\u00e4che ist jedoch im Allgemeinen nach ca. 8 Stunden bereits begehbar und nach 24 Stunden k\u00f6nnen die Fliesen verlegt werden. <\/p>\n<p>[\/et_pb_accordion_item][et_pb_accordion_item title=&#8220;Was ist der Unterschied zwischen Flie\u00dfspachtel auf Anhydritbasis und Flie\u00dfspachtel auf Zementbasis?&#8220; _builder_version=&#8220;4.27.5&#8243; _module_preset=&#8220;default&#8220; global_colors_info=&#8220;{}&#8220; open=&#8220;off&#8220;]<\/p>\n<p>Die Flie\u00dfspachtel auf Anhydritbasis (Calciumsulfat) weisen bessere Flie\u00dfeigenschaften auf. In den fertigen Fl\u00e4chen entstehen in der Aush\u00e4rtungsphase wesentlich weniger Restspannungen. Somit gew\u00e4hrt er eine beinahe spannungsfreie Fl\u00e4che, die auch bei kleiner Schichtst\u00e4rke zu keiner Rissbildung neigt, und der fertige Boden schon ab der Schichtdicke von 2 mm stuhlrollenfest ist. <\/p>\n<p>[\/et_pb_accordion_item][et_pb_accordion_item title=&#8220;Darf der D\u00fcnnestrich in R\u00e4umen mit Bodenheizung verwendet werden?&#8220; _builder_version=&#8220;4.27.5&#8243; _module_preset=&#8220;default&#8220; global_colors_info=&#8220;{}&#8220; open=&#8220;off&#8220;]<\/p>\n<p><span>Ja, es ist m\u00f6glich, aber die Heizung darf in den ersten 10 Tagen nach der Verarbeitung nicht eingeschaltet werden.<\/span><\/p>\n<p>[\/et_pb_accordion_item][et_pb_accordion_item title=&#8220;Darf man \u201eSz\u00e9ria\u201c Flie\u00dfspachtel \u00fcber 15 mm Schichtst\u00e4rke verwenden?&#8220; _builder_version=&#8220;4.27.5&#8243; _module_preset=&#8220;default&#8220; global_colors_info=&#8220;{}&#8220; open=&#8220;off&#8220;]<\/p>\n<p>Ja, er kann auch zum Ausgie\u00dfen von \u00fcber 15 mm starken Schichten einlagig benutzt werden, ab 10 mm ist jedoch die Verwendung von \u201cSz\u00e9ria\u201c D\u00fcnnestrich wirtschaftlicher. Die technischen Parameter sind identisch wie bei Flie\u00dfspachtel f\u00fcr 2-15 mm Schichtst\u00e4rke, der Preis des Produkts ist jedoch wesentlich g\u00fcnstiger.<\/p>\n<p>[\/et_pb_accordion_item][\/et_pb_accordion][et_pb_heading title=&#8220;Gl\u00e4tte-Spachtel&#8220; _builder_version=&#8220;4.27.5&#8243; _module_preset=&#8220;default&#8220; title_level=&#8220;h3&#8243; global_colors_info=&#8220;{}&#8220;][\/et_pb_heading][et_pb_accordion toggle_icon=&#8220;&#x43;||divi||400&#8243; admin_label=&#8220;Glettek&#8220; module_class=&#8220;gyik-harmonika&#8220; _builder_version=&#8220;4.27.5&#8243; _module_preset=&#8220;default&#8220; global_colors_info=&#8220;{}&#8220;][et_pb_accordion_item title=&#8220;Kann man Sz\u00e9ria-Glett an W\u00e4nden mit Wandheizung verwenden?&#8220; open=&#8220;on&#8220; _builder_version=&#8220;4.27.5&#8243; _module_preset=&#8220;default&#8220; global_colors_info=&#8220;{}&#8220;]Ja, es ist m\u00f6glich, aber die stark saugenden Untergr\u00fcnde sind vor dem Gl\u00e4tten zur Vermeidung der Entstehung von Rissen grunds\u00e4tzlich mit Grundierung zu behandeln.[\/et_pb_accordion_item][et_pb_accordion_item title=&#8220;Darf man Sz\u00e9ria-Glett einlagig in der Schichtdicke von \u00fcber 10 mm auftragen?&#8220; _builder_version=&#8220;4.27.5&#8243; _module_preset=&#8220;default&#8220; global_colors_info=&#8220;{}&#8220; open=&#8220;off&#8220;]Theoretisch ja, aber die Gefahr der Entstehung von Rissen steigt bedeutend an, wenn Sie das Material in einer Schicht \u00fcber 10 mm auftragen. Bei dieser Schichtst\u00e4rke empfehlen wir eher die Verwendung von Sz\u00e9ria-Vakolat Putzgips in 6-40 mm Dicke.[\/et_pb_accordion_item][et_pb_accordion_item title=&#8220;Kann man mit Sz\u00e9ria-Glett die Fugen der Gipskartonplatten ausgleichen?&#8220; _builder_version=&#8220;4.27.5&#8243; _module_preset=&#8220;default&#8220; global_colors_info=&#8220;{}&#8220; open=&#8220;off&#8220;]Ja, es ist m\u00f6glich, aber verwenden Sie dazu grunds\u00e4tzlich Bewehrungsstreifen.[\/et_pb_accordion_item][et_pb_accordion_item title=&#8220;Darf man eine Fl\u00e4che, die vorher mit Dispersionsfarbe behandelt wurde, mit Gipsspachtel durchgl\u00e4tten?&#8220; _builder_version=&#8220;4.27.5&#8243; _module_preset=&#8220;default&#8220; global_colors_info=&#8220;{}&#8220; open=&#8220;off&#8220;]<\/p>\n<p><span>Nein. Filmbildenden Trennmittel \u2013 wie eine Dispersionsschicht \u2013 sind vor dem Gl\u00e4tten grunds\u00e4tzlich zu entfernen. <\/span><\/p>\n<p>[\/et_pb_accordion_item][et_pb_accordion_item title=&#8220;Darf man eine Ytong-Wand mit Sz\u00e9ria-Glett verputzen?&#8220; _builder_version=&#8220;4.27.5&#8243; _module_preset=&#8220;default&#8220; global_colors_info=&#8220;{}&#8220; open=&#8220;off&#8220;]<\/p>\n<p><span>Sehr gut verwendbar zum Putzen von Ytong-W\u00e4nden, aber vor dem Putz die Fl\u00e4che grundieren.<\/span><\/p>\n<p>[\/et_pb_accordion_item][et_pb_accordion_item title=&#8220;Darf man auf eine mit Sz\u00e9ria-Glett behandelte Fl\u00e4che Kalkfarbe auftragen?&#8220; _builder_version=&#8220;4.27.5&#8243; _module_preset=&#8220;default&#8220; global_colors_info=&#8220;{}&#8220; open=&#8220;off&#8220;]<\/p>\n<p><span>Theoretisch m\u00f6glich, aber vor dem Anstrich ist die gegl\u00e4ttete Fl\u00e4che mit dem vom Hersteller der Kalkfarbe empfohlenen Grundierungsmittel zu behandeln. Die Verwendung einer Grundierung ist grunds\u00e4tzlich zu empfehlen! <\/span><\/p>\n<p>[\/et_pb_accordion_item][et_pb_accordion_item title=&#8220;Darf man auf eine Fl\u00e4che, die mit Kalkfarbe behandelt wurde, mit Spachtelgips gl\u00e4tten?&#8220; _builder_version=&#8220;4.27.5&#8243; _module_preset=&#8220;default&#8220; global_colors_info=&#8220;{}&#8220; open=&#8220;off&#8220;]<\/p>\n<p><span>Der Sz\u00e9ria-Glett darf nicht direkt auf kalkige Fl\u00e4chen aufgetragen werden. Vor dem Gl\u00e4tten ist die Kalkfarbe gr\u00fcndlich abzuschleifen und die Oberfl\u00e4che mit Grundierungsmittel zu behandeln. <\/span><\/p>\n<p>[\/et_pb_accordion_item][\/et_pb_accordion][et_pb_heading title=&#8220;Fugenf\u00fcller&#8220; _builder_version=&#8220;4.27.5&#8243; _module_preset=&#8220;default&#8220; title_level=&#8220;h3&#8243; global_colors_info=&#8220;{}&#8220;][\/et_pb_heading][et_pb_accordion toggle_icon=&#8220;&#x43;||divi||400&#8243; admin_label=&#8220;H\u00e9zagol\u00f3 anyagok&#8220; module_class=&#8220;gyik-harmonika&#8220; _builder_version=&#8220;4.27.5&#8243; _module_preset=&#8220;default&#8220; hover_enabled=&#8220;0&#8243; global_colors_info=&#8220;{}&#8220; sticky_enabled=&#8220;0&#8243;][et_pb_accordion_item title=&#8220;Kann der Sz\u00e9ria-H\u00e9zagol\u00f3 Fugenf\u00fcller zum Gl\u00e4tten der Oberfl\u00e4che der Gipskartonplatten genutzt werden?&#8220; open=&#8220;on&#8220; _builder_version=&#8220;4.27.5&#8243; _module_preset=&#8220;default&#8220; hover_enabled=&#8220;0&#8243; global_colors_info=&#8220;{}&#8220; sticky_enabled=&#8220;0&#8243;]<\/p>\n<p>Bei erh\u00f6hten Anforderungen an die Oberfl\u00e4chenh\u00e4rte und Festigkeit wird die Verwendung von Sz\u00e9ria-H\u00e9zagol\u00f3 zum Gl\u00e4tten der Oberfl\u00e4che der Gipskartonplatten ausdr\u00fccklich empfohlen. Bei normalen Anforderungen ist es jedoch ausreichend und auch wirtschaftlicher, Sz\u00e9ria-Glett zu benutzen. <\/p>\n<p>[\/et_pb_accordion_item][et_pb_accordion_item title=&#8220;Stimmt es, dass bei Verwendung von faserarmierter Fugenf\u00fcller ein Nachgl\u00e4tten der Fugen wegfallen kann?&#8220; _builder_version=&#8220;4.27.5&#8243; _module_preset=&#8220;default&#8220; global_colors_info=&#8220;{}&#8220; open=&#8220;off&#8220;]Meistens ja, da das mit Glas- und Zellulosefasern verst\u00e4rkte Gl\u00e4ttmaterial einen gro\u00dfen Anteil an Alpha-Gips enth\u00e4lt, der nach dem Austrocknen nicht schrumpft. Somit f\u00fcllt das in die Fugen und Spalten gef\u00fcllte Material den Raum vollst\u00e4ndig aus und f\u00e4llt auch nach dem Aush\u00e4rten nicht zusammen.<br \/>\nDas Nachgl\u00e4tten kann aber nur dann erspart werden, wenn bei der Arbeit kein Fugenband benutzt wurde. Bei Verwendung von Fugenb\u00e4ndern kann ein Nachgl\u00e4tten notwendig sein.[\/et_pb_accordion_item][et_pb_accordion_item title=&#8220;Muss man bei faserarmierter Fugenf\u00fcller ein Fugenband verwenden?&#8220; _builder_version=&#8220;4.27.5&#8243; _module_preset=&#8220;default&#8220; global_colors_info=&#8220;{}&#8220; open=&#8220;off&#8220;]Nicht, falls die Ausf\u00fchrung der Tragkonstruktion des installierten Gipskartonsystems die statischen Anforderungen erf\u00fcllt und wenn bei der Verkleidung mit Gipskartonplatten die Verarbeitungshinweise des Herstellers eingehalten wurden. Die Anpassung zwischen den Platten, die geeignete Abst\u00fctzung, Verschraubung sowie die Qualit\u00e4t der Kantenausbildung bei geschnittenen oder abgebrochenen Kanten m\u00fcssen besonders beachtet werden.[\/et_pb_accordion_item][\/et_pb_accordion][et_pb_heading title=&#8220;Modellgipse&#8220; _builder_version=&#8220;4.27.5&#8243; _module_preset=&#8220;default&#8220; title_level=&#8220;h3&#8243; global_colors_info=&#8220;{}&#8220;][\/et_pb_heading][et_pb_accordion toggle_icon=&#8220;&#x43;||divi||400&#8243; admin_label=&#8220;Modellgipszek&#8220; module_class=&#8220;gyik-harmonika&#8220; _builder_version=&#8220;4.27.5&#8243; _module_preset=&#8220;default&#8220; global_colors_info=&#8220;{}&#8220;][et_pb_accordion_item title=&#8220;Kann der Modellgips Keramod 125 f\u00fcr Zwecke der keramische Industrie, zum Beispiel f\u00fcr d\u00fcnnwandige Elementen verwendet werden?&#8220; open=&#8220;on&#8220; _builder_version=&#8220;4.27.5&#8243; _module_preset=&#8220;default&#8220; global_colors_info=&#8220;{}&#8220;]<\/p>\n<p><span>Der Modellgips Keramod 125 kann im breiten Bereich f\u00fcr Zwecke der Keramische Industrie genutzt werden. Wegen den breit gefassten Anwenderanforderungen bieten wir neben dem Modellgips Keramod 125 auch unsere speziellen Gie\u00dfformengipse an, unter denen jeder das f\u00fcr das jeweilige Keramikprodukt am besten geeignete, ideale Ausgangsmaterial finden kann. Fragen Sie den Hersteller bzw. Ihren H\u00e4ndler!  <\/span><\/p>\n<p>[\/et_pb_accordion_item][et_pb_accordion_item title=&#8220;Wie lang ist die Abbindezeit beim Modellgips Keramod 125?&#8220; _builder_version=&#8220;4.27.5&#8243; _module_preset=&#8220;default&#8220; global_colors_info=&#8220;{}&#8220; open=&#8220;off&#8220;]Der Keramod 125 hat keine fest eingestellte Abbindezeit. Nach der Norm (MSZ 57:1977) muss der Beginn der Abbindezeit immer l\u00e4nger als 6 Minuten sein, der Ende der Abbindezeit muss jedoch k\u00fcrzer als 20 Minuten sein. Bei konkretem Bedarf des Anwenders kann nat\u00fcrlich der Modellgips so eingestellt werden, dass die Abbindezeiten innerhalb eines Bereichs immer gleich bleiben.[\/et_pb_accordion_item][\/et_pb_accordion][et_pb_heading title=&#8220;Ansetz- und Elektrikergipse&#8220; _builder_version=&#8220;4.27.5&#8243; _module_preset=&#8220;default&#8220; title_level=&#8220;h3&#8243; global_colors_info=&#8220;{}&#8220;][\/et_pb_heading][et_pb_accordion toggle_icon=&#8220;&#x43;||divi||400&#8243; admin_label=&#8220;Ragaszt\u00f3- \u00e9s szerel\u00f5gipszek&#8220; module_class=&#8220;gyik-harmonika&#8220; _builder_version=&#8220;4.27.5&#8243; _module_preset=&#8220;default&#8220; global_colors_info=&#8220;{}&#8220;][et_pb_accordion_item title=&#8220;Was ist der Unterschied zwischen Elektrikergips und Stuckgips?&#8220; open=&#8220;on&#8220; _builder_version=&#8220;4.27.5&#8243; _module_preset=&#8220;default&#8220; global_colors_info=&#8220;{}&#8220;]Die technischen Parameter des Elektrikergips sind in jeder Sicht besser als bei der Stuckgipse, die auf dem ungarischen Markt derzeit erh\u00e4ltlich sind. Er ist ein spezieller, in 8 Minuten aush\u00e4rtender, ausgesprochen wei\u00dfer, schnellbindender Befestigungsgips, der einwandfrei f\u00fcr gewerbliche Montage- und Befestigungsarbeiten (z.B. bei Elektroinstallation) sowie im Haushalts- und Hobbybereich und auch f\u00fcr Ausbesserungen bei Malerarbeiten verwendet werden kann.[\/et_pb_accordion_item][et_pb_accordion_item title=&#8220;Kann der Ansetzgips nur zum Ansetzen von Gipskartonplatten benutzt werden oder ist er auch zum Aufkleben anderer Bauelemente (z.B. Stuckverzierungen) geeignet?&#8220; _builder_version=&#8220;4.27.5&#8243; _module_preset=&#8220;default&#8220; global_colors_info=&#8220;{}&#8220; open=&#8220;off&#8220;]Der Ansetzgips ist ein spezieller Klebem\u00f6rtel, der ausgezeichnet zum Ankleben von Gipskartonplatten, Gipsfaserplatten (Fermacell) und sonstigen Platten auf Gipsbasis auf massive W\u00e4nde benutzt wird. Wir empfehlen ihn zum Aufkleben von Stuckverzierungen nicht. Zum Aufkleben von Stuckverzierungen, Ornamenten bieten wir einen anderen, speziell f\u00fcr diesen Zweck entwickelten, gipshaltigen Kleber. Bei Bedarf wenden Sie sich an unseren Kundendienst.[\/et_pb_accordion_item][\/et_pb_accordion][et_pb_heading title=&#8220;Vakolatok&#8220; _builder_version=&#8220;4.27.5&#8243; _module_preset=&#8220;default&#8220; title_level=&#8220;h3&#8243; global_colors_info=&#8220;{}&#8220;][\/et_pb_heading][et_pb_accordion toggle_icon=&#8220;&#x43;||divi||400&#8243; admin_label=&#8220;Vakolatok&#8220; module_class=&#8220;gyik-harmonika&#8220; _builder_version=&#8220;4.27.5&#8243; _module_preset=&#8220;default&#8220; global_colors_info=&#8220;{}&#8220;][et_pb_accordion_item title=&#8220;Kann man Sz\u00e9ria-Vakolat in einer Schichtst\u00e4rke unterhalb von 6 mm verwenden?&#8220; open=&#8220;on&#8220; _builder_version=&#8220;4.27.5&#8243; _module_preset=&#8220;default&#8220; global_colors_info=&#8220;{}&#8220;]Nein, da unter der Schichtst\u00e4rke von 6 mm die Gefahr der Entstehung von Rissen stark zunimmt.[\/et_pb_accordion_item][et_pb_accordion_item title=&#8220;M\u00fcssen die mit Sz\u00e9ria-Vakolat Putzgips verputzten Fl\u00e4chen gegl\u00e4ttet werden?&#8220; _builder_version=&#8220;4.27.5&#8243; _module_preset=&#8220;default&#8220; global_colors_info=&#8220;{}&#8220; open=&#8220;off&#8220;]Sz\u00e9ria-Vakolat kann auch als Gl\u00e4ttputz verwendet werden. In diesem Fall ist es nicht notwendig, die Fl\u00e4che zu \u00fcbergl\u00e4tten, da diese bei fachgerechter Ausf\u00fchrung ohne zu gl\u00e4tten \u00fcberstrichbar oder tapezierbar sind.[\/et_pb_accordion_item][\/et_pb_accordion][\/et_pb_column][\/et_pb_row][\/et_pb_section]<\/p>\n","protected":false},"excerpt":{"rendered":"<p>Suchen Sie n\u00fctzliche Informationen und praktische Tipps zum fachgerechten Einsatz von Bauputzen? Auf unserer Seite \u201eH\u00e4ufig gestellte Fragen\u201c (FAQ) haben wir die wichtigsten Informationen zusammengestellt, von der Lagerung der Produkte \u00fcber die richtigen Mischungsverh\u00e4ltnisse bis hin zu den Trocknungszeiten. Finden Sie schnell Antworten auf Ihre technischen Fragen und stellen Sie mit Hilfe unserer fachlichen Anleitung eine fehlerfreie Ausf\u00fchrung Ihrer Arbeiten sicher.  <\/p>\n","protected":false},"author":1,"featured_media":0,"parent":1518,"menu_order":0,"comment_status":"closed","ping_status":"closed","template":"","meta":{"_acf_changed":false,"_et_pb_use_builder":"on","_et_pb_old_content":"","_et_gb_content_width":"","footnotes":""},"class_list":["post-1492","page","type-page","status-publish","hentry"],"acf":[],"_links":{"self":[{"href":"https:\/\/szeria-gipsz.hu\/de\/wp-json\/wp\/v2\/pages\/1492","targetHints":{"allow":["GET"]}}],"collection":[{"href":"https:\/\/szeria-gipsz.hu\/de\/wp-json\/wp\/v2\/pages"}],"about":[{"href":"https:\/\/szeria-gipsz.hu\/de\/wp-json\/wp\/v2\/types\/page"}],"author":[{"embeddable":true,"href":"https:\/\/szeria-gipsz.hu\/de\/wp-json\/wp\/v2\/users\/1"}],"replies":[{"embeddable":true,"href":"https:\/\/szeria-gipsz.hu\/de\/wp-json\/wp\/v2\/comments?post=1492"}],"version-history":[{"count":2,"href":"https:\/\/szeria-gipsz.hu\/de\/wp-json\/wp\/v2\/pages\/1492\/revisions"}],"predecessor-version":[{"id":1494,"href":"https:\/\/szeria-gipsz.hu\/de\/wp-json\/wp\/v2\/pages\/1492\/revisions\/1494"}],"up":[{"embeddable":true,"href":"https:\/\/szeria-gipsz.hu\/de\/wp-json\/wp\/v2\/pages\/1518"}],"wp:attachment":[{"href":"https:\/\/szeria-gipsz.hu\/de\/wp-json\/wp\/v2\/media?parent=1492"}],"curies":[{"name":"wp","href":"https:\/\/api.w.org\/{rel}","templated":true}]}}