{"id":1475,"date":"2025-12-31T11:33:54","date_gmt":"2025-12-31T11:33:54","guid":{"rendered":"https:\/\/epitesigipszek.hu\/gips\/"},"modified":"2026-01-30T14:55:42","modified_gmt":"2026-01-30T14:55:42","slug":"gips","status":"publish","type":"page","link":"https:\/\/szeria-gipsz.hu\/de\/gips\/","title":{"rendered":"Gips"},"content":{"rendered":"<p>[et_pb_section fb_built=&#8220;1&#8243; _builder_version=&#8220;4.27.5&#8243; _module_preset=&#8220;default&#8220; background_image=&#8220;https:\/\/epitesigipszek.hu\/wp-content\/uploads\/dietrichkuehne_DSCF4343-scaled.jpg&#8220; custom_padding=&#8220;100px||0px||false|false&#8220; global_colors_info=&#8220;{}&#8220;][et_pb_row _builder_version=&#8220;4.27.5&#8243; _module_preset=&#8220;default&#8220; background_color=&#8220;rgba(255,255,255,0.75)&#8220; custom_margin=&#8220;||0px||false|false&#8220; custom_padding=&#8220;||0px|20px|false|false&#8220; global_colors_info=&#8220;{}&#8220;][et_pb_column type=&#8220;4_4&#8243; _builder_version=&#8220;4.27.5&#8243; _module_preset=&#8220;default&#8220; global_colors_info=&#8220;{}&#8220;][et_pb_heading title=&#8220;Gips \u2013 bedeutet uns mehr als nur Calciumsulfat&#8220; module_class=&#8220;top-page-title&#8220; _builder_version=&#8220;4.27.5&#8243; _module_preset=&#8220;default&#8220; custom_margin=&#8220;||0px||false|false&#8220; custom_padding=&#8220;||0px||false|false&#8220; global_colors_info=&#8220;{}&#8220;][\/et_pb_heading][\/et_pb_column][\/et_pb_row][\/et_pb_section][et_pb_section fb_built=&#8220;1&#8243; _builder_version=&#8220;4.27.5&#8243; _module_preset=&#8220;default&#8220; custom_padding=&#8220;22px|||||&#8220; global_colors_info=&#8220;{}&#8220;][et_pb_row _builder_version=&#8220;4.27.5&#8243; _module_preset=&#8220;default&#8220; global_colors_info=&#8220;{}&#8220;][et_pb_column type=&#8220;4_4&#8243; _builder_version=&#8220;4.27.5&#8243; _module_preset=&#8220;default&#8220; global_colors_info=&#8220;{}&#8220;][et_pb_text _builder_version=&#8220;4.27.5&#8243; _module_preset=&#8220;default&#8220; global_colors_info=&#8220;{}&#8220;]<\/p>\n<h4>Die Sz\u00e9ria-Trans Kft hat sich seit Jahren einen anerkannten Namen im ungarischen Gipshandel gemacht,<\/h4>\n<p><strong>was in erster Linie den selbst entwickelten Gl\u00e4ttmaterialien, den hochwertigen Modellgipsen und industriellen Spezialgipsen zu verdanken ist.<\/strong><\/p>\n<p>Wir bedienen nun seit \u00fcber 15 Jahren unsere Partner in den Bereichen Industrie und Handel. Sie sch\u00e4tzen unsere Zuverl\u00e4ssigkeit, Flexibilit\u00e4t und nicht zuletzt die Marktunabh\u00e4ngigkeit. Die zunehmende Bekanntheit unserer Produkte in Ungarn best\u00e4tigt uns, dass unsere dauerhaften Bem\u00fchungen zur der wachsenden Verbreitung hochwertiger Gipse nicht vergeblich waren.<\/p>\n<p>[\/et_pb_text][\/et_pb_column][\/et_pb_row][et_pb_row column_structure=&#8220;1_2,1_2&#8243; use_custom_gutter=&#8220;on&#8220; make_equal=&#8220;on&#8220; _builder_version=&#8220;4.27.5&#8243; _module_preset=&#8220;default&#8220; width=&#8220;100%&#8220; max_width=&#8220;100%&#8220; hover_enabled=&#8220;0&#8243; global_colors_info=&#8220;{}&#8220; sticky_enabled=&#8220;0&#8243; custom_css_main_element_last_edited=&#8220;on|phone&#8220; custom_css_main_element_tablet=&#8220;display: flex;&#8220; custom_css_main_element_phone=&#8220;display: block;||&#8220;][et_pb_column type=&#8220;1_2&#8243; _builder_version=&#8220;4.27.5&#8243; _module_preset=&#8220;default&#8220; background_image=&#8220;https:\/\/epitesigipszek.hu\/wp-content\/uploads\/Kulszini-fejtes_banya.jpg&#8220; hover_enabled=&#8220;0&#8243; global_colors_info=&#8220;{}&#8220; sticky_enabled=&#8220;0&#8243; custom_css_main_element_last_edited=&#8220;on|phone&#8220; custom_css_main_element_tablet=&#8220;width: 47%;&#8220; custom_css_main_element_phone=&#8220;height: 100vw;&#8220;][et_pb_image src=&#8220;https:\/\/epitesigipszek.hu\/wp-content\/uploads\/transparent.png&#8220; title_text=&#8220;transparent&#8220; _builder_version=&#8220;4.27.5&#8243; _module_preset=&#8220;default&#8220; global_colors_info=&#8220;{}&#8220;][\/et_pb_image][\/et_pb_column][et_pb_column type=&#8220;1_2&#8243; _builder_version=&#8220;4.27.5&#8243; _module_preset=&#8220;default&#8220; background_enable_image=&#8220;off&#8220; hover_enabled=&#8220;0&#8243; global_colors_info=&#8220;{}&#8220; custom_css_main_element_last_edited=&#8220;on|tablet&#8220; sticky_enabled=&#8220;0&#8243; custom_css_main_element_tablet=&#8220;width: 47%;&#8220; custom_css_main_element_phone=&#8220;width: 47%;&#8220;][et_pb_text _builder_version=&#8220;4.27.5&#8243; _module_preset=&#8220;default&#8220; max_width=&#8220;500px&#8220; module_alignment=&#8220;left&#8220; custom_margin=&#8220;30px||30px||true|false&#8220; hover_enabled=&#8220;0&#8243; global_colors_info=&#8220;{}&#8220; custom_padding_last_edited=&#8220;on|desktop&#8220; sticky_enabled=&#8220;0&#8243; custom_padding_tablet=&#8220;|30px||30px|false|false&#8220; custom_padding_phone=&#8220;|0px||0px|false|true&#8220; custom_padding=&#8220;|20px||20px|false|true&#8220; max_width_last_edited=&#8220;on|phone&#8220; max_width_phone=&#8220;80%&#8220; module_alignment_last_edited=&#8220;on|phone&#8220; module_alignment_phone=&#8220;center&#8220; max_width_tablet=&#8220;500px&#8220; module_alignment_tablet=&#8220;left&#8220;]<\/p>\n<p>Das in Europa vorhandenen nat\u00fcrlichen Gipsgestein entstand vor rund 250 Millionen Jahren. Mit der Austrocknung der Binnenmeere und schichtweisen Ablagerung des Salzgehalts entstanden Gipskristalle, die sich sogar bis zu mehr als 80 m dicken Schichten verfestigen. Die Vorteile des Gipses als Baumaterial hat die Menschheit schon sehr fr\u00fch entdeckt. Auf dem Gebiet des heutigen Israels haben Arch\u00e4ologen aus Gips hergestellte Bodenbel\u00e4ge gefunden, die 7000 Jahre v. Chr. gefertigt wurden.<\/p>\n<p>Rohgips kommt in der Natur in kristaller Struktur vor, die chemisch gebundenes Wasser enth\u00e4lt. Ein beim Abbau des Minerals gewonnener, sehr wenig Kristallwasser enthaltender Stoff ist der Anhydrit, der in der Zementindustrie sowie Beton- und Estrichherstellung verwendet wird. Das Dihydrat \u2013 das zwei Teile Wasser enth\u00e4lt \u2013 kommt nach dem Mahlen und Trocknen von der Bauchemie als Grundstoff f\u00fcr Beschleuniger von gipshaltigen Rezepturen bzw. bei der Leimherstellung zur Anwendung.<\/p>\n<p>[\/et_pb_text][\/et_pb_column][\/et_pb_row][et_pb_row _builder_version=&#8220;4.27.5&#8243; _module_preset=&#8220;default&#8220; hover_enabled=&#8220;0&#8243; global_colors_info=&#8220;{}&#8220; custom_padding_last_edited=&#8220;on|phone&#8220; sticky_enabled=&#8220;0&#8243; custom_padding_phone=&#8220;0px||||false|false&#8220;][et_pb_column type=&#8220;4_4&#8243; _builder_version=&#8220;4.27.5&#8243; _module_preset=&#8220;default&#8220; global_colors_info=&#8220;{}&#8220;][et_pb_text _builder_version=&#8220;4.27.5&#8243; _module_preset=&#8220;default&#8220; global_colors_info=&#8220;{}&#8220;]<\/p>\n<p>So wie aus hochwertigen, aber noch rohen Ausgangsstoffen erst nach dem Kochen geschmackvolle Speisen werden, wird auch aus dem Gips nur nach dem \u201eGaren\u201c, d.h. Brennen edles Baumaterial. Beim Erhitzen im Kocher wird aus dem Dihydrat das Wasser entfernt, so gewinnt man die Alpha- und Beta-Gipse, die unter anderem zum Modellieren, Herstellen von Gie\u00dfformen, im dentalen Bereich sowie als Ausgangsmaterial f\u00fcr verschiedene Bauprodukte, z.B. als Grundstoff von Gipsspachteln genutzt werden.<\/p>\n<p>Heutzutage ist Gips einer der wichtigsten mineralischen Baustoffe. Ohne Gipskartonplatten, gipshaltige Putze und Spachtel sowie Estriche aus Calciumsulfat k\u00f6nnte man sich die moderne Hochbauindustrie nicht mehr vorstellen. Gips ist als Baumaterial unschlagbar. Er ist ein nat\u00fcrliches Bauelement, das hohe sch\u00f6pferische Freiheit bietet und auch aus der Sicht der Baubiologie tadellos anwendbar ist. Er gew\u00e4hrt gutes Klima, da die Poren bei Bedarf Feuchtigkeit aufnehmen und sie in den Raum zur\u00fcck abgeben, wenn die Luft zu trocken wird. Er ist nicht brennbar, umweltfreundlich und kann problemlos wiederverwertet werden.<\/p>\n<p>[\/et_pb_text][\/et_pb_column][\/et_pb_row][et_pb_row column_structure=&#8220;1_2,1_2&#8243; use_custom_gutter=&#8220;on&#8220; make_equal=&#8220;on&#8220; _builder_version=&#8220;4.27.5&#8243; _module_preset=&#8220;default&#8220; width=&#8220;100%&#8220; max_width=&#8220;100%&#8220; hover_enabled=&#8220;0&#8243; global_colors_info=&#8220;{}&#8220; custom_css_main_element_last_edited=&#8220;on|phone&#8220; sticky_enabled=&#8220;0&#8243; custom_css_main_element_tablet=&#8220;display: flex;&#8220; custom_css_main_element_phone=&#8220;flex-direction: column-reverse;||display: flex;&#8220; custom_padding_last_edited=&#8220;on|phone&#8220; custom_padding_phone=&#8220;||0px||false|false&#8220;][et_pb_column type=&#8220;1_2&#8243; _builder_version=&#8220;4.27.5&#8243; _module_preset=&#8220;default&#8220; hover_enabled=&#8220;0&#8243; global_colors_info=&#8220;{}&#8220; custom_padding=&#8220;|30px||30px|false|false&#8220; sticky_enabled=&#8220;0&#8243;][et_pb_text _builder_version=&#8220;4.27.5&#8243; _module_preset=&#8220;default&#8220; max_width=&#8220;500px&#8220; module_alignment=&#8220;right&#8220; custom_margin=&#8220;30px||30px||true|false&#8220; hover_enabled=&#8220;0&#8243; global_colors_info=&#8220;{}&#8220; sticky_enabled=&#8220;0&#8243; custom_padding_last_edited=&#8220;on|phone&#8220; custom_padding_phone=&#8220;|10px||10px|false|true&#8220;]<\/p>\n<h5>Gips ist jedoch mehr als ein universeller Baustoff.<\/h5>\n<p>Er ist Teil unseres Alltags. Wir treffen ihn jeden Morgen im Badezimmer, da Gips ein unverzichtbarer Bestandteil der Zahnpaste bildet. Der Gips wird dar\u00fcber hinaus in der Lebensmittelindustrie, zum Bierbrauen, beim Herstellen von Tierfutter, als Grundstoff f\u00fcr die Kosmetische- und Pharmaindustrie, in der Kreiden-, Papier- und Zuckerherstellung verwendet und kann ausgezeichnet im Pilzanbau sowie in der Landwirtschaft zur Bodenauflockerung genutzt werden. Gips hat einen \u00e4hnlichen pH-Wert wie die menschliche Haut. Diese Eigenschaft macht ihn geeignet als Gipsverband bei Knochenbr\u00fcchen und er wird bei dentalen Behandlungen regelm\u00e4\u00dfig zur Herstellung von Abdr\u00fccken verwendet. Jeder Mensch verbraucht im Laufe seines Lebens ca. 6 Tonnen Gips. Wir w\u00fcnschen, dass diese Menge bei Ihnen nie durch Hand- und Beinbruch zunimmt.<\/p>\n<p>[\/et_pb_text][\/et_pb_column][et_pb_column type=&#8220;1_2&#8243; _builder_version=&#8220;4.27.5&#8243; _module_preset=&#8220;default&#8220; background_image=&#8220;https:\/\/epitesigipszek.hu\/wp-content\/uploads\/nemet-gep-scaled.jpg&#8220; hover_enabled=&#8220;0&#8243; global_colors_info=&#8220;{}&#8220; custom_css_main_element_last_edited=&#8220;on|phone&#8220; custom_css_main_element_phone=&#8220;height: 100vw;&#8220; sticky_enabled=&#8220;0&#8243;][et_pb_image src=&#8220;https:\/\/epitesigipszek.hu\/wp-content\/uploads\/transparent.png&#8220; title_text=&#8220;transparent&#8220; _builder_version=&#8220;4.27.5&#8243; _module_preset=&#8220;default&#8220; global_colors_info=&#8220;{}&#8220;][\/et_pb_image][\/et_pb_column][\/et_pb_row][\/et_pb_section]<\/p>\n","protected":false},"excerpt":{"rendered":"<p>Entdecken Sie unser umfangreiches Sortiment an Bauputzen, das von Stuckarbeiten \u00fcber Modellputze bis hin zu speziellen Bauaufgaben alle Anforderungen erf\u00fcllt. Unsere Produkte sind f\u00fcr ihre hervorragende Bearbeitbarkeit und Langlebigkeit bekannt und eignen sich daher ideal sowohl f\u00fcr Renovierungsarbeiten im privaten Bereich als auch f\u00fcr gro\u00df angelegte Industrieprojekte. W\u00e4hlen Sie hochwertige Rohstoffe f\u00fcr eine perfekte Oberfl\u00e4chenbeschaffenheit und langlebige, rissfreie Ergebnisse.<\/p>\n","protected":false},"author":1,"featured_media":0,"parent":0,"menu_order":0,"comment_status":"closed","ping_status":"closed","template":"","meta":{"_acf_changed":false,"_et_pb_use_builder":"on","_et_pb_old_content":"","_et_gb_content_width":"","footnotes":""},"class_list":["post-1475","page","type-page","status-publish","hentry"],"acf":[],"_links":{"self":[{"href":"https:\/\/szeria-gipsz.hu\/de\/wp-json\/wp\/v2\/pages\/1475","targetHints":{"allow":["GET"]}}],"collection":[{"href":"https:\/\/szeria-gipsz.hu\/de\/wp-json\/wp\/v2\/pages"}],"about":[{"href":"https:\/\/szeria-gipsz.hu\/de\/wp-json\/wp\/v2\/types\/page"}],"author":[{"embeddable":true,"href":"https:\/\/szeria-gipsz.hu\/de\/wp-json\/wp\/v2\/users\/1"}],"replies":[{"embeddable":true,"href":"https:\/\/szeria-gipsz.hu\/de\/wp-json\/wp\/v2\/comments?post=1475"}],"version-history":[{"count":2,"href":"https:\/\/szeria-gipsz.hu\/de\/wp-json\/wp\/v2\/pages\/1475\/revisions"}],"predecessor-version":[{"id":1480,"href":"https:\/\/szeria-gipsz.hu\/de\/wp-json\/wp\/v2\/pages\/1475\/revisions\/1480"}],"wp:attachment":[{"href":"https:\/\/szeria-gipsz.hu\/de\/wp-json\/wp\/v2\/media?parent=1475"}],"curies":[{"name":"wp","href":"https:\/\/api.w.org\/{rel}","templated":true}]}}